{"id":929,"date":"2025-03-07T00:29:41","date_gmt":"2025-03-07T00:29:41","guid":{"rendered":"https:\/\/joyasnehgne.cl\/wp3\/?post_type=product&#038;p=929"},"modified":"2026-01-25T23:50:27","modified_gmt":"2026-01-25T23:50:27","slug":"medalla-san-cristobal-cp164","status":"publish","type":"product","link":"https:\/\/joyasnehgne.cl\/wp3\/product\/medalla-san-cristobal-cp164\/","title":{"rendered":"MEDALLA SAN CRISTOBAL CP164"},"content":{"rendered":"<p>Colgante de plata San Crist\u00f3bal<\/p>\n<p>Protector de los viajeros<\/p>\n<p>Hecho en Italia<\/p>\n<p>Peso 6,8 gramos aproximados<\/p>\n<p>Tama\u00f1o 3,0 CM de di\u00e1metro<\/p>\n<p>Enviamos a todo Chile o puedes retirarlo en Nuestro Showroom ubicado en Providencia previa cita al +56992201582<\/p>\n<p>El nombre\u00a0<strong>Crist\u00f3bal<\/strong>\u00a0significa\u00a0<strong>\u00abCristo portador\u00bb<\/strong>\u00a0y se refiere a la leyenda del hombre que lleva al Ni\u00f1o Jes\u00fas al otro lado del r\u00edo. San Crist\u00f3bal no se populariz\u00f3 en la Iglesia hasta el siglo VII, unos tres siglos despu\u00e9s de su supuesta muerte. El nombre proviene del vocablo griego \u00abChristophoros\u00bb, que significa \u00abportador de Cristo\u00bb.\u00a0<span class=\"b_cit_parent b_hover\" data-priority=\"2\" data-clicks=\"1\" data-h=\"ID=SERP,5646.1\" data-bm=\"90\"><span data-priority=\"2\" data-bm=\"93\">La figura de San Crist\u00f3bal tiene su origen en tradiciones paganas y se relaciona con dioses y h\u00e9roes<\/span><\/span><\/p>\n","protected":false},"excerpt":{"rendered":"<p>Colgante de plata San Crist\u00f3bal Protector de los viajeros Hecho en Italia Peso 6,8 gramos aproximados Tama\u00f1o 3,0 CM de di\u00e1metro Enviamos a todo Chile o puedes retirarlo en Nuestro Showroom ubicado en Providencia previa cita al +56992201582 El nombre\u00a0Crist\u00f3bal\u00a0significa\u00a0\u00abCristo portador\u00bb\u00a0y se refiere a la leyenda del hombre que lleva al Ni\u00f1o Jes\u00fas al otro [&hellip;]<\/p>\n","protected":false},"featured_media":930,"template":"","meta":{"pagelayer_contact_templates":[],"_pagelayer_content":""},"product_brand":[],"product_cat":[22,17],"product_tag":[],"class_list":{"0":"post-929","1":"product","2":"type-product","3":"status-publish","4":"has-post-thumbnail","6":"product_cat-colgantesdeplata","7":"product_cat-joyasdeplata","9":"first","10":"instock","11":"shipping-taxable","12":"purchasable","13":"product-type-simple"},"_links":{"self":[{"href":"https:\/\/joyasnehgne.cl\/wp3\/wp-json\/wp\/v2\/product\/929","targetHints":{"allow":["GET"]}}],"collection":[{"href":"https:\/\/joyasnehgne.cl\/wp3\/wp-json\/wp\/v2\/product"}],"about":[{"href":"https:\/\/joyasnehgne.cl\/wp3\/wp-json\/wp\/v2\/types\/product"}],"wp:featuredmedia":[{"embeddable":true,"href":"https:\/\/joyasnehgne.cl\/wp3\/wp-json\/wp\/v2\/media\/930"}],"wp:attachment":[{"href":"https:\/\/joyasnehgne.cl\/wp3\/wp-json\/wp\/v2\/media?parent=929"}],"wp:term":[{"taxonomy":"product_brand","embeddable":true,"href":"https:\/\/joyasnehgne.cl\/wp3\/wp-json\/wp\/v2\/product_brand?post=929"},{"taxonomy":"product_cat","embeddable":true,"href":"https:\/\/joyasnehgne.cl\/wp3\/wp-json\/wp\/v2\/product_cat?post=929"},{"taxonomy":"product_tag","embeddable":true,"href":"https:\/\/joyasnehgne.cl\/wp3\/wp-json\/wp\/v2\/product_tag?post=929"}],"curies":[{"name":"wp","href":"https:\/\/api.w.org\/{rel}","templated":true}]}}