{"id":830,"date":"2025-03-03T22:18:35","date_gmt":"2025-03-03T22:18:35","guid":{"rendered":"https:\/\/joyasnehgne.cl\/wp3\/?post_type=product&#038;p=830"},"modified":"2026-02-20T19:22:49","modified_gmt":"2026-02-20T19:22:49","slug":"collar-de-oro-cob020","status":"publish","type":"product","link":"https:\/\/joyasnehgne.cl\/wp3\/product\/collar-de-oro-cob020\/","title":{"rendered":"COLLAR DE ORO COB020"},"content":{"rendered":"<p>Hermoso collar de oro 18kilates y circ\u00f3n<\/p>\n<p>Modelo Punto de luz coraz\u00f3n<\/p>\n<p>Largo cadena 40 CM<\/p>\n<p>Tama\u00f1o colgante 6 MM<\/p>\n<p>Peso collar 2 gramos aproximado<\/p>\n<p>Enviamos a todo Chile o puede retirarlo desde nuestro Showroom ubicado en Providencia, Previa cita al +56992201582<\/p>\n","protected":false},"excerpt":{"rendered":"<p>Hermoso collar de oro 18kilates y circ\u00f3n Modelo Punto de luz coraz\u00f3n Largo cadena 40 CM Tama\u00f1o colgante 6 MM Peso collar 2 gramos aproximado Enviamos a todo Chile o puede retirarlo desde nuestro Showroom ubicado en Providencia, Previa cita al +56992201582<\/p>\n","protected":false},"featured_media":831,"template":"","meta":{"pagelayer_contact_templates":[],"_pagelayer_content":""},"product_brand":[],"product_cat":[27,24],"product_tag":[],"class_list":{"0":"post-830","1":"product","2":"type-product","3":"status-publish","4":"has-post-thumbnail","6":"product_cat-collaresdeoro","7":"product_cat-joyasdeoro","9":"first","10":"instock","11":"shipping-taxable","12":"purchasable","13":"product-type-simple"},"_links":{"self":[{"href":"https:\/\/joyasnehgne.cl\/wp3\/wp-json\/wp\/v2\/product\/830","targetHints":{"allow":["GET"]}}],"collection":[{"href":"https:\/\/joyasnehgne.cl\/wp3\/wp-json\/wp\/v2\/product"}],"about":[{"href":"https:\/\/joyasnehgne.cl\/wp3\/wp-json\/wp\/v2\/types\/product"}],"wp:featuredmedia":[{"embeddable":true,"href":"https:\/\/joyasnehgne.cl\/wp3\/wp-json\/wp\/v2\/media\/831"}],"wp:attachment":[{"href":"https:\/\/joyasnehgne.cl\/wp3\/wp-json\/wp\/v2\/media?parent=830"}],"wp:term":[{"taxonomy":"product_brand","embeddable":true,"href":"https:\/\/joyasnehgne.cl\/wp3\/wp-json\/wp\/v2\/product_brand?post=830"},{"taxonomy":"product_cat","embeddable":true,"href":"https:\/\/joyasnehgne.cl\/wp3\/wp-json\/wp\/v2\/product_cat?post=830"},{"taxonomy":"product_tag","embeddable":true,"href":"https:\/\/joyasnehgne.cl\/wp3\/wp-json\/wp\/v2\/product_tag?post=830"}],"curies":[{"name":"wp","href":"https:\/\/api.w.org\/{rel}","templated":true}]}}