{"id":824,"date":"2025-03-03T21:48:54","date_gmt":"2025-03-03T21:48:54","guid":{"rendered":"https:\/\/joyasnehgne.cl\/wp3\/?post_type=product&#038;p=824"},"modified":"2025-07-30T21:54:17","modified_gmt":"2025-07-30T21:54:17","slug":"collar-oro-coo015","status":"publish","type":"product","link":"https:\/\/joyasnehgne.cl\/wp3\/product\/collar-oro-coo015\/","title":{"rendered":"COLLAR ORO COO015"},"content":{"rendered":"<p>Delicado collar de oro 18kilates con un brillante.<\/p>\n<p>modelo punto de Luz con brillante<\/p>\n<p>Tama\u00f1o brillante 6 punto<\/p>\n<p>tama\u00f1o colgante 4 MM de di\u00e1metro<\/p>\n<p>Largo cadena 45 CM<\/p>\n<p>Modelo cadena Veneciana<\/p>\n<p>Peso total collar 1,20 gramos aproximada<\/p>\n<p>Enviamos a todo Chile, o puedes retirarlo en nuestro showroom, ubicado en Providencia, previa cita al +56992201582<\/p>\n","protected":false},"excerpt":{"rendered":"<p>Delicado collar de oro 18kilates con un brillante. modelo punto de Luz con brillante Tama\u00f1o brillante 6 punto tama\u00f1o colgante 4 MM de di\u00e1metro Largo cadena 45 CM Modelo cadena Veneciana Peso total collar 1,20 gramos aproximada Enviamos a todo Chile, o puedes retirarlo en nuestro showroom, ubicado en Providencia, previa cita al +56992201582<\/p>\n","protected":false},"featured_media":825,"template":"","meta":{"pagelayer_contact_templates":[],"_pagelayer_content":""},"product_brand":[],"product_cat":[15,27,24],"product_tag":[],"class_list":{"0":"post-824","1":"product","2":"type-product","3":"status-publish","4":"has-post-thumbnail","6":"product_cat-uncategorized","7":"product_cat-collaresdeoro","8":"product_cat-joyasdeoro","10":"first","11":"instock","12":"shipping-taxable","13":"purchasable","14":"product-type-simple"},"_links":{"self":[{"href":"https:\/\/joyasnehgne.cl\/wp3\/wp-json\/wp\/v2\/product\/824","targetHints":{"allow":["GET"]}}],"collection":[{"href":"https:\/\/joyasnehgne.cl\/wp3\/wp-json\/wp\/v2\/product"}],"about":[{"href":"https:\/\/joyasnehgne.cl\/wp3\/wp-json\/wp\/v2\/types\/product"}],"wp:featuredmedia":[{"embeddable":true,"href":"https:\/\/joyasnehgne.cl\/wp3\/wp-json\/wp\/v2\/media\/825"}],"wp:attachment":[{"href":"https:\/\/joyasnehgne.cl\/wp3\/wp-json\/wp\/v2\/media?parent=824"}],"wp:term":[{"taxonomy":"product_brand","embeddable":true,"href":"https:\/\/joyasnehgne.cl\/wp3\/wp-json\/wp\/v2\/product_brand?post=824"},{"taxonomy":"product_cat","embeddable":true,"href":"https:\/\/joyasnehgne.cl\/wp3\/wp-json\/wp\/v2\/product_cat?post=824"},{"taxonomy":"product_tag","embeddable":true,"href":"https:\/\/joyasnehgne.cl\/wp3\/wp-json\/wp\/v2\/product_tag?post=824"}],"curies":[{"name":"wp","href":"https:\/\/api.w.org\/{rel}","templated":true}]}}