{"id":818,"date":"2025-03-03T21:24:40","date_gmt":"2025-03-03T21:24:40","guid":{"rendered":"https:\/\/joyasnehgne.cl\/wp3\/?post_type=product&#038;p=818"},"modified":"2026-02-20T19:26:16","modified_gmt":"2026-02-20T19:26:16","slug":"colgante-de-oro-ccp035","status":"publish","type":"product","link":"https:\/\/joyasnehgne.cl\/wp3\/product\/colgante-de-oro-ccp035\/","title":{"rendered":"COLGANTE DE ORO CCP035"},"content":{"rendered":"<p>Delicado colgante de oro 18 kilates<\/p>\n<p>y circ\u00f3n central<\/p>\n<p>Modelo punto de luz con pasador<\/p>\n<p>Tama\u00f1o 7 MM de di\u00e1metro<\/p>\n<p>peso 0,7 gramos aproximado<\/p>\n<p>Enviamos a todo chile o puedes retirarlo desde nuestro showroom ubicado en Providencia, previa cita al +56992201582<\/p>\n<h2><strong>**valor no incluye cadena**<\/strong><\/h2>\n<p>&nbsp;<\/p>\n","protected":false},"excerpt":{"rendered":"<p>Delicado colgante de oro 18 kilates y circ\u00f3n central Modelo punto de luz con pasador Tama\u00f1o 7 MM de di\u00e1metro peso 0,7 gramos aproximado Enviamos a todo chile o puedes retirarlo desde nuestro showroom ubicado en Providencia, previa cita al +56992201582 **valor no incluye cadena** &nbsp;<\/p>\n","protected":false},"featured_media":823,"template":"","meta":{"pagelayer_contact_templates":[],"_pagelayer_content":""},"product_brand":[],"product_cat":[28,24],"product_tag":[],"class_list":{"0":"post-818","1":"product","2":"type-product","3":"status-publish","4":"has-post-thumbnail","6":"product_cat-colgantesdeoro","7":"product_cat-joyasdeoro","9":"first","10":"instock","11":"shipping-taxable","12":"purchasable","13":"product-type-simple"},"_links":{"self":[{"href":"https:\/\/joyasnehgne.cl\/wp3\/wp-json\/wp\/v2\/product\/818","targetHints":{"allow":["GET"]}}],"collection":[{"href":"https:\/\/joyasnehgne.cl\/wp3\/wp-json\/wp\/v2\/product"}],"about":[{"href":"https:\/\/joyasnehgne.cl\/wp3\/wp-json\/wp\/v2\/types\/product"}],"wp:featuredmedia":[{"embeddable":true,"href":"https:\/\/joyasnehgne.cl\/wp3\/wp-json\/wp\/v2\/media\/823"}],"wp:attachment":[{"href":"https:\/\/joyasnehgne.cl\/wp3\/wp-json\/wp\/v2\/media?parent=818"}],"wp:term":[{"taxonomy":"product_brand","embeddable":true,"href":"https:\/\/joyasnehgne.cl\/wp3\/wp-json\/wp\/v2\/product_brand?post=818"},{"taxonomy":"product_cat","embeddable":true,"href":"https:\/\/joyasnehgne.cl\/wp3\/wp-json\/wp\/v2\/product_cat?post=818"},{"taxonomy":"product_tag","embeddable":true,"href":"https:\/\/joyasnehgne.cl\/wp3\/wp-json\/wp\/v2\/product_tag?post=818"}],"curies":[{"name":"wp","href":"https:\/\/api.w.org\/{rel}","templated":true}]}}