{"id":806,"date":"2025-03-02T21:44:35","date_gmt":"2025-03-02T21:44:35","guid":{"rendered":"https:\/\/joyasnehgne.cl\/wp3\/?post_type=product&#038;p=806"},"modified":"2026-02-20T19:28:21","modified_gmt":"2026-02-20T19:28:21","slug":"collar-de-plata-ccp176","status":"publish","type":"product","link":"https:\/\/joyasnehgne.cl\/wp3\/product\/collar-de-plata-ccp176\/","title":{"rendered":"COLLAR DE PLATA CCP176"},"content":{"rendered":"<p>Original y moderno collar de plata 950<\/p>\n<p>Acompa\u00f1ado por un lazo de cuero y accesorios de plata<\/p>\n<p>Modelo Mio Cuore<\/p>\n<p>Largo cuero Caf\u00e9 oscuro de 50 CM, largo puedes elegir<\/p>\n<p>Tama\u00f1o coraz\u00f3n de 4,4 CM<\/p>\n<p>Peso 9,1 gramos aproximado<\/p>\n<p>Enviamos a todo Chile o puede ser retirado desde nuestro showroom ubicado en Providencia, previa cita al +56992201582<\/p>\n<p>&nbsp;<\/p>\n<p>&nbsp;<\/p>\n","protected":false},"excerpt":{"rendered":"<p>Original y moderno collar de plata 950 Acompa\u00f1ado por un lazo de cuero y accesorios de plata Modelo Mio Cuore Largo cuero Caf\u00e9 oscuro de 50 CM, largo puedes elegir Tama\u00f1o coraz\u00f3n de 4,4 CM Peso 9,1 gramos aproximado Enviamos a todo Chile o puede ser retirado desde nuestro showroom ubicado en Providencia, previa cita [&hellip;]<\/p>\n","protected":false},"featured_media":807,"template":"","meta":{"pagelayer_contact_templates":[],"_pagelayer_content":""},"product_brand":[],"product_cat":[50,17],"product_tag":[],"class_list":{"0":"post-806","1":"product","2":"type-product","3":"status-publish","4":"has-post-thumbnail","6":"product_cat-collaresdeplata","7":"product_cat-joyasdeplata","9":"first","10":"instock","11":"shipping-taxable","12":"purchasable","13":"product-type-simple"},"_links":{"self":[{"href":"https:\/\/joyasnehgne.cl\/wp3\/wp-json\/wp\/v2\/product\/806","targetHints":{"allow":["GET"]}}],"collection":[{"href":"https:\/\/joyasnehgne.cl\/wp3\/wp-json\/wp\/v2\/product"}],"about":[{"href":"https:\/\/joyasnehgne.cl\/wp3\/wp-json\/wp\/v2\/types\/product"}],"wp:featuredmedia":[{"embeddable":true,"href":"https:\/\/joyasnehgne.cl\/wp3\/wp-json\/wp\/v2\/media\/807"}],"wp:attachment":[{"href":"https:\/\/joyasnehgne.cl\/wp3\/wp-json\/wp\/v2\/media?parent=806"}],"wp:term":[{"taxonomy":"product_brand","embeddable":true,"href":"https:\/\/joyasnehgne.cl\/wp3\/wp-json\/wp\/v2\/product_brand?post=806"},{"taxonomy":"product_cat","embeddable":true,"href":"https:\/\/joyasnehgne.cl\/wp3\/wp-json\/wp\/v2\/product_cat?post=806"},{"taxonomy":"product_tag","embeddable":true,"href":"https:\/\/joyasnehgne.cl\/wp3\/wp-json\/wp\/v2\/product_tag?post=806"}],"curies":[{"name":"wp","href":"https:\/\/api.w.org\/{rel}","templated":true}]}}