{"id":787,"date":"2025-02-27T14:16:48","date_gmt":"2025-02-27T14:16:48","guid":{"rendered":"https:\/\/joyasnehgne.cl\/wp3\/?post_type=product&#038;p=787"},"modified":"2026-02-20T19:32:24","modified_gmt":"2026-02-20T19:32:24","slug":"collar-de-oro-cob021","status":"publish","type":"product","link":"https:\/\/joyasnehgne.cl\/wp3\/product\/collar-de-oro-cob021\/","title":{"rendered":"COLLAR DE ORO COB021"},"content":{"rendered":"<p>Delicado collar de oro blanco y circonitas<\/p>\n<p>Modelo bola de fuego<\/p>\n<p>Largo collar 50 CM<\/p>\n<p>Tama\u00f1o Bola central 0,7 MM<\/p>\n<p>Peso collar 2,2 gramos aproximado<\/p>\n<p>Este collar representa la energ\u00eda y la positividad, record\u00e1ndote que llevas una luz \u00fanica en tu interior es un s\u00edmbolo de esperanza y belleza que te inspira a brillar en cada momento.<\/p>\n<p>Enviamos a todo Chile o puedes retirarlo en nuestras oficinas ubicadas en Providencia , previa cita al +56992201582<\/p>\n","protected":false},"excerpt":{"rendered":"<p>Delicado collar de oro blanco y circonitas Modelo bola de fuego Largo collar 50 CM Tama\u00f1o Bola central 0,7 MM Peso collar 2,2 gramos aproximado Este collar representa la energ\u00eda y la positividad, record\u00e1ndote que llevas una luz \u00fanica en tu interior es un s\u00edmbolo de esperanza y belleza que te inspira a brillar en [&hellip;]<\/p>\n","protected":false},"featured_media":788,"template":"","meta":{"pagelayer_contact_templates":[],"_pagelayer_content":""},"product_brand":[],"product_cat":[27,24],"product_tag":[],"class_list":{"0":"post-787","1":"product","2":"type-product","3":"status-publish","4":"has-post-thumbnail","6":"product_cat-collaresdeoro","7":"product_cat-joyasdeoro","9":"first","10":"instock","11":"shipping-taxable","12":"purchasable","13":"product-type-simple"},"_links":{"self":[{"href":"https:\/\/joyasnehgne.cl\/wp3\/wp-json\/wp\/v2\/product\/787","targetHints":{"allow":["GET"]}}],"collection":[{"href":"https:\/\/joyasnehgne.cl\/wp3\/wp-json\/wp\/v2\/product"}],"about":[{"href":"https:\/\/joyasnehgne.cl\/wp3\/wp-json\/wp\/v2\/types\/product"}],"wp:featuredmedia":[{"embeddable":true,"href":"https:\/\/joyasnehgne.cl\/wp3\/wp-json\/wp\/v2\/media\/788"}],"wp:attachment":[{"href":"https:\/\/joyasnehgne.cl\/wp3\/wp-json\/wp\/v2\/media?parent=787"}],"wp:term":[{"taxonomy":"product_brand","embeddable":true,"href":"https:\/\/joyasnehgne.cl\/wp3\/wp-json\/wp\/v2\/product_brand?post=787"},{"taxonomy":"product_cat","embeddable":true,"href":"https:\/\/joyasnehgne.cl\/wp3\/wp-json\/wp\/v2\/product_cat?post=787"},{"taxonomy":"product_tag","embeddable":true,"href":"https:\/\/joyasnehgne.cl\/wp3\/wp-json\/wp\/v2\/product_tag?post=787"}],"curies":[{"name":"wp","href":"https:\/\/api.w.org\/{rel}","templated":true}]}}