{"id":758,"date":"2025-02-26T18:31:00","date_gmt":"2025-02-26T18:31:00","guid":{"rendered":"https:\/\/joyasnehgne.cl\/wp3\/?post_type=product&#038;p=758"},"modified":"2026-02-20T19:40:54","modified_gmt":"2026-02-20T19:40:54","slug":"collar-de-oro-cob001","status":"publish","type":"product","link":"https:\/\/joyasnehgne.cl\/wp3\/product\/collar-de-oro-cob001\/","title":{"rendered":"COLLAR DE ORO COB001"},"content":{"rendered":"<p>Delicado Collar de oro blanco de 18 kilates<\/p>\n<p>\u00danico<\/p>\n<p>Fabricaci\u00f3n Italiana<\/p>\n<p>Largo cadena 50 Cm (opcional)<\/p>\n<p>Tama\u00f1o colgante 1,9 CM De di\u00e1metro<\/p>\n<p>Peso 2,73 gramos Aproximados<\/p>\n<p>Enviamos a todo Chile, Tambi\u00e9n, Puede ser retirado desde nuestras oficinas ubicadas en Providencia, Previa cita al +56992201582<\/p>\n","protected":false},"excerpt":{"rendered":"<p>Delicado Collar de oro blanco de 18 kilates \u00danico Fabricaci\u00f3n Italiana Largo cadena 50 Cm (opcional) Tama\u00f1o colgante 1,9 CM De di\u00e1metro Peso 2,73 gramos Aproximados Enviamos a todo Chile, Tambi\u00e9n, Puede ser retirado desde nuestras oficinas ubicadas en Providencia, Previa cita al +56992201582<\/p>\n","protected":false},"featured_media":760,"template":"","meta":{"pagelayer_contact_templates":[],"_pagelayer_content":""},"product_brand":[],"product_cat":[27,24],"product_tag":[],"class_list":{"0":"post-758","1":"product","2":"type-product","3":"status-publish","4":"has-post-thumbnail","6":"product_cat-collaresdeoro","7":"product_cat-joyasdeoro","9":"first","10":"instock","11":"shipping-taxable","12":"purchasable","13":"product-type-simple"},"_links":{"self":[{"href":"https:\/\/joyasnehgne.cl\/wp3\/wp-json\/wp\/v2\/product\/758","targetHints":{"allow":["GET"]}}],"collection":[{"href":"https:\/\/joyasnehgne.cl\/wp3\/wp-json\/wp\/v2\/product"}],"about":[{"href":"https:\/\/joyasnehgne.cl\/wp3\/wp-json\/wp\/v2\/types\/product"}],"wp:featuredmedia":[{"embeddable":true,"href":"https:\/\/joyasnehgne.cl\/wp3\/wp-json\/wp\/v2\/media\/760"}],"wp:attachment":[{"href":"https:\/\/joyasnehgne.cl\/wp3\/wp-json\/wp\/v2\/media?parent=758"}],"wp:term":[{"taxonomy":"product_brand","embeddable":true,"href":"https:\/\/joyasnehgne.cl\/wp3\/wp-json\/wp\/v2\/product_brand?post=758"},{"taxonomy":"product_cat","embeddable":true,"href":"https:\/\/joyasnehgne.cl\/wp3\/wp-json\/wp\/v2\/product_cat?post=758"},{"taxonomy":"product_tag","embeddable":true,"href":"https:\/\/joyasnehgne.cl\/wp3\/wp-json\/wp\/v2\/product_tag?post=758"}],"curies":[{"name":"wp","href":"https:\/\/api.w.org\/{rel}","templated":true}]}}