{"id":699,"date":"2025-02-23T20:30:12","date_gmt":"2025-02-23T20:30:12","guid":{"rendered":"https:\/\/joyasnehgne.cl\/wp3\/?post_type=product&#038;p=699"},"modified":"2026-02-20T19:41:54","modified_gmt":"2026-02-20T19:41:54","slug":"699","status":"publish","type":"product","link":"https:\/\/joyasnehgne.cl\/wp3\/product\/699\/","title":{"rendered":"CADENA DE PLATA  CCCP202"},"content":{"rendered":"<p>cadena de plata 950,<\/p>\n<p>Hecha a mano<\/p>\n<p>Tama\u00f1o de eslab\u00f3n 1,0 CM X 0,5 MM<\/p>\n<p>Largo cadena 43 CM<\/p>\n<p>Peso 12,50 gramos aproximado<\/p>\n<p>Broche tim\u00f3n de 1,5 CM aproximadamente<\/p>\n<p>Enviamos a todo Chile o Puede ser retirado desde nuestro Showroom ubicado en Providencia, cercan\u00eda metro Pedro de Valdivia, Previa cita al +5692201582<\/p>\n<p>&nbsp;<\/p>\n<p>&nbsp;<\/p>\n","protected":false},"excerpt":{"rendered":"<p>cadena de plata 950, Hecha a mano Tama\u00f1o de eslab\u00f3n 1,0 CM X 0,5 MM Largo cadena 43 CM Peso 12,50 gramos aproximado Broche tim\u00f3n de 1,5 CM aproximadamente Enviamos a todo Chile o Puede ser retirado desde nuestro Showroom ubicado en Providencia, cercan\u00eda metro Pedro de Valdivia, Previa cita al +5692201582 &nbsp; &nbsp;<\/p>\n","protected":false},"featured_media":709,"template":"","meta":{"pagelayer_contact_templates":[],"_pagelayer_content":""},"product_brand":[],"product_cat":[19,17],"product_tag":[],"class_list":{"0":"post-699","1":"product","2":"type-product","3":"status-publish","4":"has-post-thumbnail","6":"product_cat-cadenasdeplata","7":"product_cat-joyasdeplata","9":"first","10":"instock","11":"shipping-taxable","12":"purchasable","13":"product-type-simple"},"_links":{"self":[{"href":"https:\/\/joyasnehgne.cl\/wp3\/wp-json\/wp\/v2\/product\/699","targetHints":{"allow":["GET"]}}],"collection":[{"href":"https:\/\/joyasnehgne.cl\/wp3\/wp-json\/wp\/v2\/product"}],"about":[{"href":"https:\/\/joyasnehgne.cl\/wp3\/wp-json\/wp\/v2\/types\/product"}],"wp:featuredmedia":[{"embeddable":true,"href":"https:\/\/joyasnehgne.cl\/wp3\/wp-json\/wp\/v2\/media\/709"}],"wp:attachment":[{"href":"https:\/\/joyasnehgne.cl\/wp3\/wp-json\/wp\/v2\/media?parent=699"}],"wp:term":[{"taxonomy":"product_brand","embeddable":true,"href":"https:\/\/joyasnehgne.cl\/wp3\/wp-json\/wp\/v2\/product_brand?post=699"},{"taxonomy":"product_cat","embeddable":true,"href":"https:\/\/joyasnehgne.cl\/wp3\/wp-json\/wp\/v2\/product_cat?post=699"},{"taxonomy":"product_tag","embeddable":true,"href":"https:\/\/joyasnehgne.cl\/wp3\/wp-json\/wp\/v2\/product_tag?post=699"}],"curies":[{"name":"wp","href":"https:\/\/api.w.org\/{rel}","templated":true}]}}