{"id":651,"date":"2025-02-21T12:30:39","date_gmt":"2025-02-21T12:30:39","guid":{"rendered":"https:\/\/joyasnehgne.cl\/wp3\/?post_type=product&#038;p=651"},"modified":"2026-01-25T23:59:00","modified_gmt":"2026-01-25T23:59:00","slug":"cadena-de-plata-cccp200","status":"publish","type":"product","link":"https:\/\/joyasnehgne.cl\/wp3\/product\/cadena-de-plata-cccp200\/","title":{"rendered":"CADENA DE PLATA CCCP200"},"content":{"rendered":"<p>Incre\u00edble cadena de plata 950.<\/p>\n<p>Unica<\/p>\n<p>Hecha a mano<\/p>\n<p>Largo 40 CM (Se personaliza)<\/p>\n<p>Tama\u00f1o eslab\u00f3n de 13 x 6 MM<\/p>\n<p>Peso 20,5 gramos aproximados<\/p>\n<p>Enviamos a todo Chile o puedes retirarla desde nuestro showroom ubicado en Providencia cercan\u00eda a metro Pedro de Valdivia, previa cita al +56992201582<\/p>\n","protected":false},"excerpt":{"rendered":"<p>Incre\u00edble cadena de plata 950. Unica Hecha a mano Largo 40 CM (Se personaliza) Tama\u00f1o eslab\u00f3n de 13 x 6 MM Peso 20,5 gramos aproximados Enviamos a todo Chile o puedes retirarla desde nuestro showroom ubicado en Providencia cercan\u00eda a metro Pedro de Valdivia, previa cita al +56992201582<\/p>\n","protected":false},"featured_media":652,"template":"","meta":{"pagelayer_contact_templates":[],"_pagelayer_content":""},"product_brand":[],"product_cat":[19,17],"product_tag":[],"class_list":{"0":"post-651","1":"product","2":"type-product","3":"status-publish","4":"has-post-thumbnail","6":"product_cat-cadenasdeplata","7":"product_cat-joyasdeplata","9":"first","10":"instock","11":"shipping-taxable","12":"purchasable","13":"product-type-simple"},"_links":{"self":[{"href":"https:\/\/joyasnehgne.cl\/wp3\/wp-json\/wp\/v2\/product\/651","targetHints":{"allow":["GET"]}}],"collection":[{"href":"https:\/\/joyasnehgne.cl\/wp3\/wp-json\/wp\/v2\/product"}],"about":[{"href":"https:\/\/joyasnehgne.cl\/wp3\/wp-json\/wp\/v2\/types\/product"}],"wp:featuredmedia":[{"embeddable":true,"href":"https:\/\/joyasnehgne.cl\/wp3\/wp-json\/wp\/v2\/media\/652"}],"wp:attachment":[{"href":"https:\/\/joyasnehgne.cl\/wp3\/wp-json\/wp\/v2\/media?parent=651"}],"wp:term":[{"taxonomy":"product_brand","embeddable":true,"href":"https:\/\/joyasnehgne.cl\/wp3\/wp-json\/wp\/v2\/product_brand?post=651"},{"taxonomy":"product_cat","embeddable":true,"href":"https:\/\/joyasnehgne.cl\/wp3\/wp-json\/wp\/v2\/product_cat?post=651"},{"taxonomy":"product_tag","embeddable":true,"href":"https:\/\/joyasnehgne.cl\/wp3\/wp-json\/wp\/v2\/product_tag?post=651"}],"curies":[{"name":"wp","href":"https:\/\/api.w.org\/{rel}","templated":true}]}}