{"id":644,"date":"2025-02-19T00:31:04","date_gmt":"2025-02-19T00:31:04","guid":{"rendered":"https:\/\/joyasnehgne.cl\/wp3\/?post_type=product&#038;p=644"},"modified":"2026-02-25T18:45:45","modified_gmt":"2026-02-25T18:45:45","slug":"aros-de-oro-co031","status":"publish","type":"product","link":"https:\/\/joyasnehgne.cl\/wp3\/product\/aros-de-oro-co031\/","title":{"rendered":"AROS DE ORO CO031"},"content":{"rendered":"<p style=\"text-align: center;\">Aros de oro 18k\u00a0 y perla cultivada con pistilo<\/p>\n<p>Para adultos<\/p>\n<p>Con tuerca atornillada<\/p>\n<p>Hecho a mano<\/p>\n<p>peso 2,6 gramos aproximado<\/p>\n<p>Tama\u00f1o Perla 7 MM aproximado<\/p>\n<p>Enviamos a todo Chile, tambi\u00e9n se pueden retirar desde nuestro showroom ubicado en Providencia cercan\u00eda Metro Estaci\u00f3n Pedro de Valdivia<\/p>\n<p>Deben solicitar visita al +56992201582<\/p>\n","protected":false},"excerpt":{"rendered":"<p>Aros de oro 18k\u00a0 y perla cultivada con pistilo Para adultos Con tuerca atornillada Hecho a mano peso 2,6 gramos aproximado Tama\u00f1o Perla 7 MM aproximado Enviamos a todo Chile, tambi\u00e9n se pueden retirar desde nuestro showroom ubicado en Providencia cercan\u00eda Metro Estaci\u00f3n Pedro de Valdivia Deben solicitar visita al +56992201582<\/p>\n","protected":false},"featured_media":645,"template":"","meta":{"pagelayer_contact_templates":[],"_pagelayer_content":""},"product_brand":[],"product_cat":[31,24],"product_tag":[],"class_list":{"0":"post-644","1":"product","2":"type-product","3":"status-publish","4":"has-post-thumbnail","6":"product_cat-arosdeoro","7":"product_cat-joyasdeoro","9":"first","10":"instock","11":"shipping-taxable","12":"purchasable","13":"product-type-simple"},"_links":{"self":[{"href":"https:\/\/joyasnehgne.cl\/wp3\/wp-json\/wp\/v2\/product\/644","targetHints":{"allow":["GET"]}}],"collection":[{"href":"https:\/\/joyasnehgne.cl\/wp3\/wp-json\/wp\/v2\/product"}],"about":[{"href":"https:\/\/joyasnehgne.cl\/wp3\/wp-json\/wp\/v2\/types\/product"}],"wp:featuredmedia":[{"embeddable":true,"href":"https:\/\/joyasnehgne.cl\/wp3\/wp-json\/wp\/v2\/media\/645"}],"wp:attachment":[{"href":"https:\/\/joyasnehgne.cl\/wp3\/wp-json\/wp\/v2\/media?parent=644"}],"wp:term":[{"taxonomy":"product_brand","embeddable":true,"href":"https:\/\/joyasnehgne.cl\/wp3\/wp-json\/wp\/v2\/product_brand?post=644"},{"taxonomy":"product_cat","embeddable":true,"href":"https:\/\/joyasnehgne.cl\/wp3\/wp-json\/wp\/v2\/product_cat?post=644"},{"taxonomy":"product_tag","embeddable":true,"href":"https:\/\/joyasnehgne.cl\/wp3\/wp-json\/wp\/v2\/product_tag?post=644"}],"curies":[{"name":"wp","href":"https:\/\/api.w.org\/{rel}","templated":true}]}}