{"id":638,"date":"2025-02-19T00:21:05","date_gmt":"2025-02-19T00:21:05","guid":{"rendered":"https:\/\/joyasnehgne.cl\/wp3\/?post_type=product&#038;p=638"},"modified":"2026-02-27T15:38:47","modified_gmt":"2026-02-27T15:38:47","slug":"aros-de-oro-co040","status":"publish","type":"product","link":"https:\/\/joyasnehgne.cl\/wp3\/product\/aros-de-oro-co040\/","title":{"rendered":"AROS DE ORO CO040"},"content":{"rendered":"<p>Aros de oro 18k\u00a0 y perla cultivada con pistilo<\/p>\n<p>Con tuerca atornillada<\/p>\n<p>Hecho a mano<\/p>\n<p>peso 2 gramos aproximado<\/p>\n<p>Tama\u00f1o Perla 6 MM aproximado<\/p>\n<p>Tuerca mariposa, rosca<\/p>\n<p>Enviamos a todo Chile, tambi\u00e9n se pueden retirar desde nuestro showroom ubicado en Providencia cercan\u00eda Metro Estaci\u00f3n Pedro de Valdivia<\/p>\n<p>Deben solicitar visita al +56992201582<\/p>\n","protected":false},"excerpt":{"rendered":"<p>Aros de oro 18k\u00a0 y perla cultivada con pistilo Con tuerca atornillada Hecho a mano peso 2 gramos aproximado Tama\u00f1o Perla 6 MM aproximado Tuerca mariposa, rosca Enviamos a todo Chile, tambi\u00e9n se pueden retirar desde nuestro showroom ubicado en Providencia cercan\u00eda Metro Estaci\u00f3n Pedro de Valdivia Deben solicitar visita al +56992201582<\/p>\n","protected":false},"featured_media":639,"template":"","meta":{"pagelayer_contact_templates":[],"_pagelayer_content":""},"product_brand":[],"product_cat":[31,24],"product_tag":[],"class_list":{"0":"post-638","1":"product","2":"type-product","3":"status-publish","4":"has-post-thumbnail","6":"product_cat-arosdeoro","7":"product_cat-joyasdeoro","9":"first","10":"instock","11":"shipping-taxable","12":"purchasable","13":"product-type-simple"},"_links":{"self":[{"href":"https:\/\/joyasnehgne.cl\/wp3\/wp-json\/wp\/v2\/product\/638","targetHints":{"allow":["GET"]}}],"collection":[{"href":"https:\/\/joyasnehgne.cl\/wp3\/wp-json\/wp\/v2\/product"}],"about":[{"href":"https:\/\/joyasnehgne.cl\/wp3\/wp-json\/wp\/v2\/types\/product"}],"wp:featuredmedia":[{"embeddable":true,"href":"https:\/\/joyasnehgne.cl\/wp3\/wp-json\/wp\/v2\/media\/639"}],"wp:attachment":[{"href":"https:\/\/joyasnehgne.cl\/wp3\/wp-json\/wp\/v2\/media?parent=638"}],"wp:term":[{"taxonomy":"product_brand","embeddable":true,"href":"https:\/\/joyasnehgne.cl\/wp3\/wp-json\/wp\/v2\/product_brand?post=638"},{"taxonomy":"product_cat","embeddable":true,"href":"https:\/\/joyasnehgne.cl\/wp3\/wp-json\/wp\/v2\/product_cat?post=638"},{"taxonomy":"product_tag","embeddable":true,"href":"https:\/\/joyasnehgne.cl\/wp3\/wp-json\/wp\/v2\/product_tag?post=638"}],"curies":[{"name":"wp","href":"https:\/\/api.w.org\/{rel}","templated":true}]}}