{"id":627,"date":"2025-02-18T23:29:15","date_gmt":"2025-02-18T23:29:15","guid":{"rendered":"https:\/\/joyasnehgne.cl\/wp3\/?post_type=product&#038;p=627"},"modified":"2026-02-27T16:05:41","modified_gmt":"2026-02-27T16:05:41","slug":"aros-de-oro-co006","status":"publish","type":"product","link":"https:\/\/joyasnehgne.cl\/wp3\/product\/aros-de-oro-co006\/","title":{"rendered":"AROS DE ORO CO006"},"content":{"rendered":"<p>Aros de oro 18k\u00a0 y perla cultivada con pistilos<\/p>\n<p>Para bebes reci\u00e9n nacido<\/p>\n<p>Con tuerca Atornillada<\/p>\n<p>Hecho a mano<\/p>\n<p>peso 1,4 gramos aproximado<\/p>\n<p>Tama\u00f1o Perla 3 MM aproximado<\/p>\n<p>Enviamos a todo Chile, tambi\u00e9n se pueden retirar desde nuestro showroom ubicado en Providencia cercan\u00eda Metro Estaci\u00f3n Pedro de Valdivia<\/p>\n<p>Deben solicitar visita al +56992201582<\/p>\n","protected":false},"excerpt":{"rendered":"<p>Aros de oro 18k\u00a0 y perla cultivada con pistilos Para bebes reci\u00e9n nacido Con tuerca Atornillada Hecho a mano peso 1,4 gramos aproximado Tama\u00f1o Perla 3 MM aproximado Enviamos a todo Chile, tambi\u00e9n se pueden retirar desde nuestro showroom ubicado en Providencia cercan\u00eda Metro Estaci\u00f3n Pedro de Valdivia Deben solicitar visita al +56992201582<\/p>\n","protected":false},"featured_media":628,"template":"","meta":{"pagelayer_contact_templates":[],"_pagelayer_content":""},"product_brand":[],"product_cat":[31,24],"product_tag":[],"class_list":{"0":"post-627","1":"product","2":"type-product","3":"status-publish","4":"has-post-thumbnail","6":"product_cat-arosdeoro","7":"product_cat-joyasdeoro","9":"first","10":"instock","11":"shipping-taxable","12":"purchasable","13":"product-type-simple"},"_links":{"self":[{"href":"https:\/\/joyasnehgne.cl\/wp3\/wp-json\/wp\/v2\/product\/627","targetHints":{"allow":["GET"]}}],"collection":[{"href":"https:\/\/joyasnehgne.cl\/wp3\/wp-json\/wp\/v2\/product"}],"about":[{"href":"https:\/\/joyasnehgne.cl\/wp3\/wp-json\/wp\/v2\/types\/product"}],"wp:featuredmedia":[{"embeddable":true,"href":"https:\/\/joyasnehgne.cl\/wp3\/wp-json\/wp\/v2\/media\/628"}],"wp:attachment":[{"href":"https:\/\/joyasnehgne.cl\/wp3\/wp-json\/wp\/v2\/media?parent=627"}],"wp:term":[{"taxonomy":"product_brand","embeddable":true,"href":"https:\/\/joyasnehgne.cl\/wp3\/wp-json\/wp\/v2\/product_brand?post=627"},{"taxonomy":"product_cat","embeddable":true,"href":"https:\/\/joyasnehgne.cl\/wp3\/wp-json\/wp\/v2\/product_cat?post=627"},{"taxonomy":"product_tag","embeddable":true,"href":"https:\/\/joyasnehgne.cl\/wp3\/wp-json\/wp\/v2\/product_tag?post=627"}],"curies":[{"name":"wp","href":"https:\/\/api.w.org\/{rel}","templated":true}]}}