{"id":621,"date":"2025-02-18T23:13:25","date_gmt":"2025-02-18T23:13:25","guid":{"rendered":"https:\/\/joyasnehgne.cl\/wp3\/?post_type=product&#038;p=621"},"modified":"2025-07-30T21:58:18","modified_gmt":"2025-07-30T21:58:18","slug":"aros-oro-co013","status":"publish","type":"product","link":"https:\/\/joyasnehgne.cl\/wp3\/product\/aros-oro-co013\/","title":{"rendered":"AROS ORO CO013"},"content":{"rendered":"<p>Aros de oro 18k\u00a0 y perla cultivada.<\/p>\n<p>Para bebes reci\u00e9n nacido<\/p>\n<p>Con tuerca de tope<\/p>\n<p>Hecho a mano<\/p>\n<p>peso 0,8 gramos aproximado<\/p>\n<p>Tama\u00f1o Perla 3 MM aproximado<\/p>\n<p>Enviamos a todo Chile, tambi\u00e9n se pueden retirar desde nuestro showroom ubicado en Providencia cercan\u00eda Metro Estaci\u00f3n Pedro de Valdivia<\/p>\n<p>Deben solicitar visita al +56992201582<\/p>\n<p>&nbsp;<\/p>\n","protected":false},"excerpt":{"rendered":"<p>Aros de oro 18k\u00a0 y perla cultivada. Para bebes reci\u00e9n nacido Con tuerca de tope Hecho a mano peso 0,8 gramos aproximado Tama\u00f1o Perla 3 MM aproximado Enviamos a todo Chile, tambi\u00e9n se pueden retirar desde nuestro showroom ubicado en Providencia cercan\u00eda Metro Estaci\u00f3n Pedro de Valdivia Deben solicitar visita al +56992201582 &nbsp;<\/p>\n","protected":false},"featured_media":622,"template":"","meta":{"pagelayer_contact_templates":[],"_pagelayer_content":""},"product_brand":[],"product_cat":[31,24],"product_tag":[],"class_list":{"0":"post-621","1":"product","2":"type-product","3":"status-publish","4":"has-post-thumbnail","6":"product_cat-arosdeoro","7":"product_cat-joyasdeoro","9":"first","10":"instock","11":"shipping-taxable","12":"purchasable","13":"product-type-simple"},"_links":{"self":[{"href":"https:\/\/joyasnehgne.cl\/wp3\/wp-json\/wp\/v2\/product\/621","targetHints":{"allow":["GET"]}}],"collection":[{"href":"https:\/\/joyasnehgne.cl\/wp3\/wp-json\/wp\/v2\/product"}],"about":[{"href":"https:\/\/joyasnehgne.cl\/wp3\/wp-json\/wp\/v2\/types\/product"}],"wp:featuredmedia":[{"embeddable":true,"href":"https:\/\/joyasnehgne.cl\/wp3\/wp-json\/wp\/v2\/media\/622"}],"wp:attachment":[{"href":"https:\/\/joyasnehgne.cl\/wp3\/wp-json\/wp\/v2\/media?parent=621"}],"wp:term":[{"taxonomy":"product_brand","embeddable":true,"href":"https:\/\/joyasnehgne.cl\/wp3\/wp-json\/wp\/v2\/product_brand?post=621"},{"taxonomy":"product_cat","embeddable":true,"href":"https:\/\/joyasnehgne.cl\/wp3\/wp-json\/wp\/v2\/product_cat?post=621"},{"taxonomy":"product_tag","embeddable":true,"href":"https:\/\/joyasnehgne.cl\/wp3\/wp-json\/wp\/v2\/product_tag?post=621"}],"curies":[{"name":"wp","href":"https:\/\/api.w.org\/{rel}","templated":true}]}}