{"id":584,"date":"2025-02-17T22:51:22","date_gmt":"2025-02-17T22:51:22","guid":{"rendered":"https:\/\/joyasnehgne.cl\/wp3\/?post_type=product&#038;p=584"},"modified":"2026-01-26T00:00:39","modified_gmt":"2026-01-26T00:00:39","slug":"anillo-de-plata-vi018","status":"publish","type":"product","link":"https:\/\/joyasnehgne.cl\/wp3\/product\/anillo-de-plata-vi018\/","title":{"rendered":"ANILLO DE PLATA VI018"},"content":{"rendered":"<p>Anillo de plata 950 con amatista<\/p>\n<p>Tipo de piedra Drusa de amatista<\/p>\n<p>Hecho a mano<\/p>\n<p>Por mujeres Chilenas<\/p>\n<p>Peso 15,8 gramos aproximadamente<\/p>\n<p>Tama\u00f1o frente anillo 2,3 x 1,9 CM<\/p>\n<p>Tama\u00f1o disponible 20, se hacen en todas las medidas, tiempo de confecci\u00f3n 5 d\u00edas h\u00e1biles.<\/p>\n<p>Enviamos a todo Chile, Tambi\u00e9n se puede retirar desde nuestro Showroom ubicado en Providencia, cercan\u00eda de estaci\u00f3n metro Pedro de Valdivia, previa cita<\/p>\n<p>al +56992201582<\/p>\n","protected":false},"excerpt":{"rendered":"<p>Anillo de plata 950 con amatista Tipo de piedra Drusa de amatista Hecho a mano Por mujeres Chilenas Peso 15,8 gramos aproximadamente Tama\u00f1o frente anillo 2,3 x 1,9 CM Tama\u00f1o disponible 20, se hacen en todas las medidas, tiempo de confecci\u00f3n 5 d\u00edas h\u00e1biles. Enviamos a todo Chile, Tambi\u00e9n se puede retirar desde nuestro Showroom [&hellip;]<\/p>\n","protected":false},"featured_media":586,"template":"","meta":{"pagelayer_contact_templates":[],"_pagelayer_content":""},"product_brand":[],"product_cat":[18,33,32,17],"product_tag":[],"class_list":{"0":"post-584","1":"product","2":"type-product","3":"status-publish","4":"has-post-thumbnail","6":"product_cat-anillosdeplata","7":"product_cat-anillosdepiedras","8":"product_cat-joyasdepiedras","9":"product_cat-joyasdeplata","11":"first","12":"instock","13":"shipping-taxable","14":"purchasable","15":"product-type-simple"},"_links":{"self":[{"href":"https:\/\/joyasnehgne.cl\/wp3\/wp-json\/wp\/v2\/product\/584","targetHints":{"allow":["GET"]}}],"collection":[{"href":"https:\/\/joyasnehgne.cl\/wp3\/wp-json\/wp\/v2\/product"}],"about":[{"href":"https:\/\/joyasnehgne.cl\/wp3\/wp-json\/wp\/v2\/types\/product"}],"wp:featuredmedia":[{"embeddable":true,"href":"https:\/\/joyasnehgne.cl\/wp3\/wp-json\/wp\/v2\/media\/586"}],"wp:attachment":[{"href":"https:\/\/joyasnehgne.cl\/wp3\/wp-json\/wp\/v2\/media?parent=584"}],"wp:term":[{"taxonomy":"product_brand","embeddable":true,"href":"https:\/\/joyasnehgne.cl\/wp3\/wp-json\/wp\/v2\/product_brand?post=584"},{"taxonomy":"product_cat","embeddable":true,"href":"https:\/\/joyasnehgne.cl\/wp3\/wp-json\/wp\/v2\/product_cat?post=584"},{"taxonomy":"product_tag","embeddable":true,"href":"https:\/\/joyasnehgne.cl\/wp3\/wp-json\/wp\/v2\/product_tag?post=584"}],"curies":[{"name":"wp","href":"https:\/\/api.w.org\/{rel}","templated":true}]}}