{"id":558,"date":"2025-02-17T12:57:21","date_gmt":"2025-02-17T12:57:21","guid":{"rendered":"https:\/\/joyasnehgne.cl\/wp3\/?post_type=product&#038;p=558"},"modified":"2026-01-26T00:01:39","modified_gmt":"2026-01-26T00:01:39","slug":"aros-de-plata-ap041","status":"publish","type":"product","link":"https:\/\/joyasnehgne.cl\/wp3\/product\/aros-de-plata-ap041\/","title":{"rendered":"AROS DE PLATA AP041"},"content":{"rendered":"<p>Delicados\u00a0 aros\u00a0 con argollas . bolitas y discos todo en plata 925<\/p>\n<p>Hecho en Italia<\/p>\n<p>Modelo: argolla disco<\/p>\n<p>Tama\u00f1o argolla sola 1,6 CM de di\u00e1metro<\/p>\n<p>Peso total aros 2,2 gramos Aproximados<\/p>\n<p>Enviamos a todo Chile, tiempo envi\u00f3 de 2 d\u00edas h\u00e1biles si es dentro de Santiago<\/p>\n<p>Tambi\u00e9n puedes venir a ver y retirar a nuestro Showroom ubicado en Providencia, frente estaci\u00f3n metro Pedro de Valdivia, Previa cita al +56992201582<\/p>\n<p>&nbsp;<\/p>\n","protected":false},"excerpt":{"rendered":"<p>Delicados\u00a0 aros\u00a0 con argollas . bolitas y discos todo en plata 925 Hecho en Italia Modelo: argolla disco Tama\u00f1o argolla sola 1,6 CM de di\u00e1metro Peso total aros 2,2 gramos Aproximados Enviamos a todo Chile, tiempo envi\u00f3 de 2 d\u00edas h\u00e1biles si es dentro de Santiago Tambi\u00e9n puedes venir a ver y retirar a nuestro [&hellip;]<\/p>\n","protected":false},"featured_media":559,"template":"","meta":{"pagelayer_contact_templates":[],"_pagelayer_content":""},"product_brand":[],"product_cat":[20,17],"product_tag":[],"class_list":{"0":"post-558","1":"product","2":"type-product","3":"status-publish","4":"has-post-thumbnail","6":"product_cat-arosdeplata","7":"product_cat-joyasdeplata","9":"first","10":"instock","11":"shipping-taxable","12":"purchasable","13":"product-type-simple"},"_links":{"self":[{"href":"https:\/\/joyasnehgne.cl\/wp3\/wp-json\/wp\/v2\/product\/558","targetHints":{"allow":["GET"]}}],"collection":[{"href":"https:\/\/joyasnehgne.cl\/wp3\/wp-json\/wp\/v2\/product"}],"about":[{"href":"https:\/\/joyasnehgne.cl\/wp3\/wp-json\/wp\/v2\/types\/product"}],"wp:featuredmedia":[{"embeddable":true,"href":"https:\/\/joyasnehgne.cl\/wp3\/wp-json\/wp\/v2\/media\/559"}],"wp:attachment":[{"href":"https:\/\/joyasnehgne.cl\/wp3\/wp-json\/wp\/v2\/media?parent=558"}],"wp:term":[{"taxonomy":"product_brand","embeddable":true,"href":"https:\/\/joyasnehgne.cl\/wp3\/wp-json\/wp\/v2\/product_brand?post=558"},{"taxonomy":"product_cat","embeddable":true,"href":"https:\/\/joyasnehgne.cl\/wp3\/wp-json\/wp\/v2\/product_cat?post=558"},{"taxonomy":"product_tag","embeddable":true,"href":"https:\/\/joyasnehgne.cl\/wp3\/wp-json\/wp\/v2\/product_tag?post=558"}],"curies":[{"name":"wp","href":"https:\/\/api.w.org\/{rel}","templated":true}]}}