{"id":552,"date":"2025-02-16T20:07:11","date_gmt":"2025-02-16T20:07:11","guid":{"rendered":"https:\/\/joyasnehgne.cl\/wp3\/?post_type=product&#038;p=552"},"modified":"2026-01-26T00:01:53","modified_gmt":"2026-01-26T00:01:53","slug":"collar-de-plata-ccp139","status":"publish","type":"product","link":"https:\/\/joyasnehgne.cl\/wp3\/product\/collar-de-plata-ccp139\/","title":{"rendered":"COLLAR DE PLATA CCP139"},"content":{"rendered":"<p>Collar de plata 950 con colgante de Cuarzo<\/p>\n<p>Hecho a mano<\/p>\n<p>Por mujeres Chilena<\/p>\n<p>Largo collar 50CM, se personaliza<\/p>\n<p>Tama\u00f1o colgante 5,5 x 1,2 de ancho, se personaliza<\/p>\n<p>peso 18,2 gramos aproximado<\/p>\n<p>Collar 100% personalizado<\/p>\n<p>Enviamos a todo Chile, si es dentro de Santiago tu pedido llega en 2 d\u00edas h\u00e1biles<\/p>\n<p>Tambi\u00e9n puedes retirarlo desde nuestro Showroom ubicado en Providencia a un costado del Metro Pedro de Valdivia, previa cita al +56992201582<\/p>\n","protected":false},"excerpt":{"rendered":"<p>Collar de plata 950 con colgante de Cuarzo Hecho a mano Por mujeres Chilena Largo collar 50CM, se personaliza Tama\u00f1o colgante 5,5 x 1,2 de ancho, se personaliza peso 18,2 gramos aproximado Collar 100% personalizado Enviamos a todo Chile, si es dentro de Santiago tu pedido llega en 2 d\u00edas h\u00e1biles Tambi\u00e9n puedes retirarlo desde [&hellip;]<\/p>\n","protected":false},"featured_media":554,"template":"","meta":{"pagelayer_contact_templates":[],"_pagelayer_content":""},"product_brand":[],"product_cat":[50,17],"product_tag":[],"class_list":{"0":"post-552","1":"product","2":"type-product","3":"status-publish","4":"has-post-thumbnail","6":"product_cat-collaresdeplata","7":"product_cat-joyasdeplata","9":"first","10":"instock","11":"shipping-taxable","12":"purchasable","13":"product-type-simple"},"_links":{"self":[{"href":"https:\/\/joyasnehgne.cl\/wp3\/wp-json\/wp\/v2\/product\/552","targetHints":{"allow":["GET"]}}],"collection":[{"href":"https:\/\/joyasnehgne.cl\/wp3\/wp-json\/wp\/v2\/product"}],"about":[{"href":"https:\/\/joyasnehgne.cl\/wp3\/wp-json\/wp\/v2\/types\/product"}],"wp:featuredmedia":[{"embeddable":true,"href":"https:\/\/joyasnehgne.cl\/wp3\/wp-json\/wp\/v2\/media\/554"}],"wp:attachment":[{"href":"https:\/\/joyasnehgne.cl\/wp3\/wp-json\/wp\/v2\/media?parent=552"}],"wp:term":[{"taxonomy":"product_brand","embeddable":true,"href":"https:\/\/joyasnehgne.cl\/wp3\/wp-json\/wp\/v2\/product_brand?post=552"},{"taxonomy":"product_cat","embeddable":true,"href":"https:\/\/joyasnehgne.cl\/wp3\/wp-json\/wp\/v2\/product_cat?post=552"},{"taxonomy":"product_tag","embeddable":true,"href":"https:\/\/joyasnehgne.cl\/wp3\/wp-json\/wp\/v2\/product_tag?post=552"}],"curies":[{"name":"wp","href":"https:\/\/api.w.org\/{rel}","templated":true}]}}