{"id":540,"date":"2025-02-16T19:39:16","date_gmt":"2025-02-16T19:39:16","guid":{"rendered":"https:\/\/joyasnehgne.cl\/wp3\/?post_type=product&#038;p=540"},"modified":"2026-01-26T00:02:31","modified_gmt":"2026-01-26T00:02:31","slug":"collar-de-plata-ccp137","status":"publish","type":"product","link":"https:\/\/joyasnehgne.cl\/wp3\/product\/collar-de-plata-ccp137\/","title":{"rendered":"COLLAR DE PLATA CCP137"},"content":{"rendered":"<p>Collar de plata 950 con colgante de L\u00e1pis Lazuli<\/p>\n<p>Piedra t\u00edpica Chilena<\/p>\n<p>Hecho a mano<\/p>\n<p>Por mujeres Chilena<\/p>\n<p>Largo collar 50CM, se personaliza<\/p>\n<p>Tama\u00f1o colgante 3,2 x 2,2 de ancho, se personaliza<\/p>\n<p>peso 11,39 gramos aproximado<\/p>\n<p>Collar 100% personalizado<\/p>\n<p>Enviamos a todo Chile, si es dentro de Santiago tu pedido llega en 2 dias habiles<\/p>\n<p>Tambien puedes retirarlo desde nuestro Showroom ubicado en Providencia a un costado del Metro Pedro de Valdivia, previa cita al +56992201582<\/p>\n","protected":false},"excerpt":{"rendered":"<p>Collar de plata 950 con colgante de L\u00e1pis Lazuli Piedra t\u00edpica Chilena Hecho a mano Por mujeres Chilena Largo collar 50CM, se personaliza Tama\u00f1o colgante 3,2 x 2,2 de ancho, se personaliza peso 11,39 gramos aproximado Collar 100% personalizado Enviamos a todo Chile, si es dentro de Santiago tu pedido llega en 2 dias habiles [&hellip;]<\/p>\n","protected":false},"featured_media":541,"template":"","meta":{"pagelayer_contact_templates":[],"_pagelayer_content":""},"product_brand":[],"product_cat":[50,45,43,17],"product_tag":[],"class_list":{"0":"post-540","1":"product","2":"type-product","3":"status-publish","4":"has-post-thumbnail","6":"product_cat-collaresdeplata","7":"product_cat-creacion","8":"product_cat-disenos","9":"product_cat-joyasdeplata","11":"first","12":"instock","13":"shipping-taxable","14":"purchasable","15":"product-type-simple"},"_links":{"self":[{"href":"https:\/\/joyasnehgne.cl\/wp3\/wp-json\/wp\/v2\/product\/540","targetHints":{"allow":["GET"]}}],"collection":[{"href":"https:\/\/joyasnehgne.cl\/wp3\/wp-json\/wp\/v2\/product"}],"about":[{"href":"https:\/\/joyasnehgne.cl\/wp3\/wp-json\/wp\/v2\/types\/product"}],"wp:featuredmedia":[{"embeddable":true,"href":"https:\/\/joyasnehgne.cl\/wp3\/wp-json\/wp\/v2\/media\/541"}],"wp:attachment":[{"href":"https:\/\/joyasnehgne.cl\/wp3\/wp-json\/wp\/v2\/media?parent=540"}],"wp:term":[{"taxonomy":"product_brand","embeddable":true,"href":"https:\/\/joyasnehgne.cl\/wp3\/wp-json\/wp\/v2\/product_brand?post=540"},{"taxonomy":"product_cat","embeddable":true,"href":"https:\/\/joyasnehgne.cl\/wp3\/wp-json\/wp\/v2\/product_cat?post=540"},{"taxonomy":"product_tag","embeddable":true,"href":"https:\/\/joyasnehgne.cl\/wp3\/wp-json\/wp\/v2\/product_tag?post=540"}],"curies":[{"name":"wp","href":"https:\/\/api.w.org\/{rel}","templated":true}]}}