{"id":534,"date":"2025-02-16T19:23:48","date_gmt":"2025-02-16T19:23:48","guid":{"rendered":"https:\/\/joyasnehgne.cl\/wp3\/?post_type=product&#038;p=534"},"modified":"2026-01-26T00:02:47","modified_gmt":"2026-01-26T00:02:47","slug":"collar-de-plata-ccp136","status":"publish","type":"product","link":"https:\/\/joyasnehgne.cl\/wp3\/product\/collar-de-plata-ccp136\/","title":{"rendered":"COLLAR DE PLATA CCP136"},"content":{"rendered":"<p>Delicado\u00a0 collar de plata 950 con un circulo con circonita que representa el infinito<\/p>\n<p>Hecho a mano<\/p>\n<p>Por mujeres Chilena<\/p>\n<p>Se personaliza tama\u00f1o de colgante , largo y piedras del colgante<\/p>\n<p>Largo 50 CM<\/p>\n<p>Peso collar 5,89 gramos Aproximado<\/p>\n<p>Tama\u00f1o colgante 2,0 CM.<\/p>\n<p>Enviamos a todo Chile, si es dentro de Santiago envi\u00f3 demora 2 d\u00edas H\u00e1biles<\/p>\n<p>Tambi\u00e9n pueden venir a retirar a nuestro Showroom ubicado en Providencia, a un costado de estaci\u00f3n de metro Pedro de Valdivia, previa cita al +56992201582<\/p>\n","protected":false},"excerpt":{"rendered":"<p>Delicado\u00a0 collar de plata 950 con un circulo con circonita que representa el infinito Hecho a mano Por mujeres Chilena Se personaliza tama\u00f1o de colgante , largo y piedras del colgante Largo 50 CM Peso collar 5,89 gramos Aproximado Tama\u00f1o colgante 2,0 CM. Enviamos a todo Chile, si es dentro de Santiago envi\u00f3 demora 2 [&hellip;]<\/p>\n","protected":false},"featured_media":535,"template":"","meta":{"pagelayer_contact_templates":[],"_pagelayer_content":""},"product_brand":[],"product_cat":[50,17],"product_tag":[],"class_list":{"0":"post-534","1":"product","2":"type-product","3":"status-publish","4":"has-post-thumbnail","6":"product_cat-collaresdeplata","7":"product_cat-joyasdeplata","9":"first","10":"instock","11":"shipping-taxable","12":"purchasable","13":"product-type-simple"},"_links":{"self":[{"href":"https:\/\/joyasnehgne.cl\/wp3\/wp-json\/wp\/v2\/product\/534","targetHints":{"allow":["GET"]}}],"collection":[{"href":"https:\/\/joyasnehgne.cl\/wp3\/wp-json\/wp\/v2\/product"}],"about":[{"href":"https:\/\/joyasnehgne.cl\/wp3\/wp-json\/wp\/v2\/types\/product"}],"wp:featuredmedia":[{"embeddable":true,"href":"https:\/\/joyasnehgne.cl\/wp3\/wp-json\/wp\/v2\/media\/535"}],"wp:attachment":[{"href":"https:\/\/joyasnehgne.cl\/wp3\/wp-json\/wp\/v2\/media?parent=534"}],"wp:term":[{"taxonomy":"product_brand","embeddable":true,"href":"https:\/\/joyasnehgne.cl\/wp3\/wp-json\/wp\/v2\/product_brand?post=534"},{"taxonomy":"product_cat","embeddable":true,"href":"https:\/\/joyasnehgne.cl\/wp3\/wp-json\/wp\/v2\/product_cat?post=534"},{"taxonomy":"product_tag","embeddable":true,"href":"https:\/\/joyasnehgne.cl\/wp3\/wp-json\/wp\/v2\/product_tag?post=534"}],"curies":[{"name":"wp","href":"https:\/\/api.w.org\/{rel}","templated":true}]}}