{"id":526,"date":"2025-02-16T19:11:29","date_gmt":"2025-02-16T19:11:29","guid":{"rendered":"https:\/\/joyasnehgne.cl\/wp3\/?post_type=product&#038;p=526"},"modified":"2026-01-26T00:03:08","modified_gmt":"2026-01-26T00:03:08","slug":"collar-de-plata-ccp135","status":"publish","type":"product","link":"https:\/\/joyasnehgne.cl\/wp3\/product\/collar-de-plata-ccp135\/","title":{"rendered":"COLLAR DE PLATA CCP135"},"content":{"rendered":"<p>Hermoso collar de plata 950 y cadena con cuarzo de colares y aplicaciones de plata<\/p>\n<p>Hecho a mano<\/p>\n<p>Por mujeres Chilena<\/p>\n<p>Se personaliza tama\u00f1o de colgante y largo y piedras de cadenas<\/p>\n<p>Largo 50 CM<\/p>\n<p>Peso collar 22,74 gramos Aproximado<\/p>\n<p>Tama\u00f1o colgante 4,9 CM.<\/p>\n<p>Enviamos a todo Chile, si es dentro de Santiago envi\u00f3 demora 2 d\u00edas H\u00e1biles<\/p>\n<p>Tambien pueden venir a retirar a nuestro Showroom ubicado en Providencia, a un costado de estaci\u00f3n de metro Pedro de Valdivia, previa cita al +56992201582<\/p>\n","protected":false},"excerpt":{"rendered":"<p>Hermoso collar de plata 950 y cadena con cuarzo de colares y aplicaciones de plata Hecho a mano Por mujeres Chilena Se personaliza tama\u00f1o de colgante y largo y piedras de cadenas Largo 50 CM Peso collar 22,74 gramos Aproximado Tama\u00f1o colgante 4,9 CM. Enviamos a todo Chile, si es dentro de Santiago envi\u00f3 demora [&hellip;]<\/p>\n","protected":false},"featured_media":527,"template":"","meta":{"pagelayer_contact_templates":[],"_pagelayer_content":""},"product_brand":[],"product_cat":[50,17],"product_tag":[],"class_list":{"0":"post-526","1":"product","2":"type-product","3":"status-publish","4":"has-post-thumbnail","6":"product_cat-collaresdeplata","7":"product_cat-joyasdeplata","9":"first","10":"instock","11":"shipping-taxable","12":"purchasable","13":"product-type-simple"},"_links":{"self":[{"href":"https:\/\/joyasnehgne.cl\/wp3\/wp-json\/wp\/v2\/product\/526","targetHints":{"allow":["GET"]}}],"collection":[{"href":"https:\/\/joyasnehgne.cl\/wp3\/wp-json\/wp\/v2\/product"}],"about":[{"href":"https:\/\/joyasnehgne.cl\/wp3\/wp-json\/wp\/v2\/types\/product"}],"wp:featuredmedia":[{"embeddable":true,"href":"https:\/\/joyasnehgne.cl\/wp3\/wp-json\/wp\/v2\/media\/527"}],"wp:attachment":[{"href":"https:\/\/joyasnehgne.cl\/wp3\/wp-json\/wp\/v2\/media?parent=526"}],"wp:term":[{"taxonomy":"product_brand","embeddable":true,"href":"https:\/\/joyasnehgne.cl\/wp3\/wp-json\/wp\/v2\/product_brand?post=526"},{"taxonomy":"product_cat","embeddable":true,"href":"https:\/\/joyasnehgne.cl\/wp3\/wp-json\/wp\/v2\/product_cat?post=526"},{"taxonomy":"product_tag","embeddable":true,"href":"https:\/\/joyasnehgne.cl\/wp3\/wp-json\/wp\/v2\/product_tag?post=526"}],"curies":[{"name":"wp","href":"https:\/\/api.w.org\/{rel}","templated":true}]}}