{"id":507,"date":"2025-02-15T23:09:32","date_gmt":"2025-02-15T23:09:32","guid":{"rendered":"https:\/\/joyasnehgne.cl\/wp3\/?post_type=product&#038;p=507"},"modified":"2026-03-04T14:59:38","modified_gmt":"2026-03-04T14:59:38","slug":"aros-de-oro-18k-co028","status":"publish","type":"product","link":"https:\/\/joyasnehgne.cl\/wp3\/product\/aros-de-oro-18k-co028\/","title":{"rendered":"AROS DE ORO 18K CO028"},"content":{"rendered":"<p>Hermosos aros de oro 18 quilates<\/p>\n<p>Hechos a mano<\/p>\n<p>Modelo Rococo<\/p>\n<p>Largo 2,3 CM<\/p>\n<p>Peso 3,8 gramos aproximados<\/p>\n<p>Broche mariposa a presi\u00f3n<\/p>\n<p>Enviamos a todo Chile, si es dentro de Santiago el envi\u00f3 demora 2 d\u00edas h\u00e1biles<\/p>\n<p>o Puede venir a retirar a nuestro Showroom ubicado en Providencia, frente al metro Pedro de Valdivia, previa cita al +56992201582<\/p>\n","protected":false},"excerpt":{"rendered":"<p>Hermosos aros de oro 18 quilates Hechos a mano Modelo Rococo Largo 2,3 CM Peso 3,8 gramos aproximados Broche mariposa a presi\u00f3n Enviamos a todo Chile, si es dentro de Santiago el envi\u00f3 demora 2 d\u00edas h\u00e1biles o Puede venir a retirar a nuestro Showroom ubicado en Providencia, frente al metro Pedro de Valdivia, previa [&hellip;]<\/p>\n","protected":false},"featured_media":1695,"template":"","meta":{"pagelayer_contact_templates":[],"_pagelayer_content":""},"product_brand":[],"product_cat":[31,24],"product_tag":[],"class_list":{"0":"post-507","1":"product","2":"type-product","3":"status-publish","4":"has-post-thumbnail","6":"product_cat-arosdeoro","7":"product_cat-joyasdeoro","9":"first","10":"instock","11":"shipping-taxable","12":"purchasable","13":"product-type-simple"},"_links":{"self":[{"href":"https:\/\/joyasnehgne.cl\/wp3\/wp-json\/wp\/v2\/product\/507","targetHints":{"allow":["GET"]}}],"collection":[{"href":"https:\/\/joyasnehgne.cl\/wp3\/wp-json\/wp\/v2\/product"}],"about":[{"href":"https:\/\/joyasnehgne.cl\/wp3\/wp-json\/wp\/v2\/types\/product"}],"wp:featuredmedia":[{"embeddable":true,"href":"https:\/\/joyasnehgne.cl\/wp3\/wp-json\/wp\/v2\/media\/1695"}],"wp:attachment":[{"href":"https:\/\/joyasnehgne.cl\/wp3\/wp-json\/wp\/v2\/media?parent=507"}],"wp:term":[{"taxonomy":"product_brand","embeddable":true,"href":"https:\/\/joyasnehgne.cl\/wp3\/wp-json\/wp\/v2\/product_brand?post=507"},{"taxonomy":"product_cat","embeddable":true,"href":"https:\/\/joyasnehgne.cl\/wp3\/wp-json\/wp\/v2\/product_cat?post=507"},{"taxonomy":"product_tag","embeddable":true,"href":"https:\/\/joyasnehgne.cl\/wp3\/wp-json\/wp\/v2\/product_tag?post=507"}],"curies":[{"name":"wp","href":"https:\/\/api.w.org\/{rel}","templated":true}]}}