{"id":496,"date":"2025-02-15T22:39:35","date_gmt":"2025-02-15T22:39:35","guid":{"rendered":"https:\/\/joyasnehgne.cl\/wp3\/?post_type=product&#038;p=496"},"modified":"2025-11-15T14:12:18","modified_gmt":"2025-11-15T14:12:18","slug":"aros-bebe-de-oro-co032","status":"publish","type":"product","link":"https:\/\/joyasnehgne.cl\/wp3\/product\/aros-bebe-de-oro-co032\/","title":{"rendered":"AROS BEBE DE ORO CO032"},"content":{"rendered":"<p>Aros abridores para bebe de oro 18quilates.<\/p>\n<p>modelo estrella<\/p>\n<p>con circonita rosado (opcional)<\/p>\n<p>Peso 0,8 gramos aproximado<\/p>\n<p>Con tuerca tope presi\u00f3n<\/p>\n<p>Enviamos a todo Chile, si es dentro de Santiago tiempo de demora en envi\u00f3 2 d\u00edas h\u00e1biles<\/p>\n<p>Tambi\u00e9n puede ser retirado desde nuestro Showroom ubicado en Providencia, frente al metro Pedro de Valdivia, previa cita al +56992201582<\/p>\n<p>&nbsp;<\/p>\n","protected":false},"excerpt":{"rendered":"<p>Aros abridores para bebe de oro 18quilates. modelo estrella con circonita rosado (opcional) Peso 0,8 gramos aproximado Con tuerca tope presi\u00f3n Enviamos a todo Chile, si es dentro de Santiago tiempo de demora en envi\u00f3 2 d\u00edas h\u00e1biles Tambi\u00e9n puede ser retirado desde nuestro Showroom ubicado en Providencia, frente al metro Pedro de Valdivia, previa [&hellip;]<\/p>\n","protected":false},"featured_media":497,"template":"","meta":{"pagelayer_contact_templates":[],"_pagelayer_content":""},"product_brand":[],"product_cat":[31,24],"product_tag":[],"class_list":{"0":"post-496","1":"product","2":"type-product","3":"status-publish","4":"has-post-thumbnail","6":"product_cat-arosdeoro","7":"product_cat-joyasdeoro","9":"first","10":"instock","11":"shipping-taxable","12":"purchasable","13":"product-type-simple"},"_links":{"self":[{"href":"https:\/\/joyasnehgne.cl\/wp3\/wp-json\/wp\/v2\/product\/496","targetHints":{"allow":["GET"]}}],"collection":[{"href":"https:\/\/joyasnehgne.cl\/wp3\/wp-json\/wp\/v2\/product"}],"about":[{"href":"https:\/\/joyasnehgne.cl\/wp3\/wp-json\/wp\/v2\/types\/product"}],"wp:featuredmedia":[{"embeddable":true,"href":"https:\/\/joyasnehgne.cl\/wp3\/wp-json\/wp\/v2\/media\/497"}],"wp:attachment":[{"href":"https:\/\/joyasnehgne.cl\/wp3\/wp-json\/wp\/v2\/media?parent=496"}],"wp:term":[{"taxonomy":"product_brand","embeddable":true,"href":"https:\/\/joyasnehgne.cl\/wp3\/wp-json\/wp\/v2\/product_brand?post=496"},{"taxonomy":"product_cat","embeddable":true,"href":"https:\/\/joyasnehgne.cl\/wp3\/wp-json\/wp\/v2\/product_cat?post=496"},{"taxonomy":"product_tag","embeddable":true,"href":"https:\/\/joyasnehgne.cl\/wp3\/wp-json\/wp\/v2\/product_tag?post=496"}],"curies":[{"name":"wp","href":"https:\/\/api.w.org\/{rel}","templated":true}]}}