{"id":489,"date":"2025-02-15T22:31:22","date_gmt":"2025-02-15T22:31:22","guid":{"rendered":"https:\/\/joyasnehgne.cl\/wp3\/?post_type=product&#038;p=489"},"modified":"2025-11-15T14:07:50","modified_gmt":"2025-11-15T14:07:50","slug":"aros-de-oro-18k-co034","status":"publish","type":"product","link":"https:\/\/joyasnehgne.cl\/wp3\/product\/aros-de-oro-18k-co034\/","title":{"rendered":"AROS DE ORO 18K  CO034"},"content":{"rendered":"<p>Aros bebe de oro 18quilates<\/p>\n<p>Circonita color rosado (opcional)<\/p>\n<p>modelo rosa<\/p>\n<p>peso 0,8 gramos aproximado<\/p>\n<p>Tuerca mariposa, rosca con tope<\/p>\n<p>Enviamos a todo Chile, si es dentro de Santiago tiempo de demora de envi\u00f3 2 d\u00edas h\u00e1biles<\/p>\n<p>Tambi\u00e9n puedes retirarlo desde nuestras oficinas ubicadas en Providencia frente al Metro Pedro de Valdivia, previa cita al +56992201582<\/p>\n","protected":false},"excerpt":{"rendered":"<p>Aros bebe de oro 18quilates Circonita color rosado (opcional) modelo rosa peso 0,8 gramos aproximado Tuerca mariposa, rosca con tope Enviamos a todo Chile, si es dentro de Santiago tiempo de demora de envi\u00f3 2 d\u00edas h\u00e1biles Tambi\u00e9n puedes retirarlo desde nuestras oficinas ubicadas en Providencia frente al Metro Pedro de Valdivia, previa cita al [&hellip;]<\/p>\n","protected":false},"featured_media":490,"template":"","meta":{"pagelayer_contact_templates":[],"_pagelayer_content":""},"product_brand":[],"product_cat":[31,24],"product_tag":[],"class_list":{"0":"post-489","1":"product","2":"type-product","3":"status-publish","4":"has-post-thumbnail","6":"product_cat-arosdeoro","7":"product_cat-joyasdeoro","9":"first","10":"instock","11":"shipping-taxable","12":"purchasable","13":"product-type-simple"},"_links":{"self":[{"href":"https:\/\/joyasnehgne.cl\/wp3\/wp-json\/wp\/v2\/product\/489","targetHints":{"allow":["GET"]}}],"collection":[{"href":"https:\/\/joyasnehgne.cl\/wp3\/wp-json\/wp\/v2\/product"}],"about":[{"href":"https:\/\/joyasnehgne.cl\/wp3\/wp-json\/wp\/v2\/types\/product"}],"wp:featuredmedia":[{"embeddable":true,"href":"https:\/\/joyasnehgne.cl\/wp3\/wp-json\/wp\/v2\/media\/490"}],"wp:attachment":[{"href":"https:\/\/joyasnehgne.cl\/wp3\/wp-json\/wp\/v2\/media?parent=489"}],"wp:term":[{"taxonomy":"product_brand","embeddable":true,"href":"https:\/\/joyasnehgne.cl\/wp3\/wp-json\/wp\/v2\/product_brand?post=489"},{"taxonomy":"product_cat","embeddable":true,"href":"https:\/\/joyasnehgne.cl\/wp3\/wp-json\/wp\/v2\/product_cat?post=489"},{"taxonomy":"product_tag","embeddable":true,"href":"https:\/\/joyasnehgne.cl\/wp3\/wp-json\/wp\/v2\/product_tag?post=489"}],"curies":[{"name":"wp","href":"https:\/\/api.w.org\/{rel}","templated":true}]}}