{"id":485,"date":"2025-02-15T22:16:19","date_gmt":"2025-02-15T22:16:19","guid":{"rendered":"https:\/\/joyasnehgne.cl\/wp3\/?post_type=product&#038;p=485"},"modified":"2025-07-30T21:59:47","modified_gmt":"2025-07-30T21:59:47","slug":"colgante-de-oro-18k-ccp051","status":"publish","type":"product","link":"https:\/\/joyasnehgne.cl\/wp3\/product\/colgante-de-oro-18k-ccp051\/","title":{"rendered":"COLGANTE DE ORO 18K CCP051"},"content":{"rendered":"<p>Colgante de oro 18quilantes<\/p>\n<p>con cristal de Murano<\/p>\n<p>Hecho en Italia<\/p>\n<p>Peso 2,5 gramos Aproximado<\/p>\n<p>Tama\u00f1o 2,0 CM di\u00e1metro<\/p>\n<p>Enviamos a todo Chile, si estas dentro de Santiago tiempo de demora 2 d\u00edas h\u00e1biles en recibir<\/p>\n<p>Tambi\u00e9n puedes retirar desde nuestro Showroom ubicado en Providencia, frente al metro Pedro de Valdivia<\/p>\n<p>&nbsp;<\/p>\n","protected":false},"excerpt":{"rendered":"<p>Colgante de oro 18quilantes con cristal de Murano Hecho en Italia Peso 2,5 gramos Aproximado Tama\u00f1o 2,0 CM di\u00e1metro Enviamos a todo Chile, si estas dentro de Santiago tiempo de demora 2 d\u00edas h\u00e1biles en recibir Tambi\u00e9n puedes retirar desde nuestro Showroom ubicado en Providencia, frente al metro Pedro de Valdivia &nbsp;<\/p>\n","protected":false},"featured_media":486,"template":"","meta":{"pagelayer_contact_templates":[],"_pagelayer_content":""},"product_brand":[],"product_cat":[28,24],"product_tag":[],"class_list":{"0":"post-485","1":"product","2":"type-product","3":"status-publish","4":"has-post-thumbnail","6":"product_cat-colgantesdeoro","7":"product_cat-joyasdeoro","9":"first","10":"instock","11":"shipping-taxable","12":"purchasable","13":"product-type-simple"},"_links":{"self":[{"href":"https:\/\/joyasnehgne.cl\/wp3\/wp-json\/wp\/v2\/product\/485","targetHints":{"allow":["GET"]}}],"collection":[{"href":"https:\/\/joyasnehgne.cl\/wp3\/wp-json\/wp\/v2\/product"}],"about":[{"href":"https:\/\/joyasnehgne.cl\/wp3\/wp-json\/wp\/v2\/types\/product"}],"wp:featuredmedia":[{"embeddable":true,"href":"https:\/\/joyasnehgne.cl\/wp3\/wp-json\/wp\/v2\/media\/486"}],"wp:attachment":[{"href":"https:\/\/joyasnehgne.cl\/wp3\/wp-json\/wp\/v2\/media?parent=485"}],"wp:term":[{"taxonomy":"product_brand","embeddable":true,"href":"https:\/\/joyasnehgne.cl\/wp3\/wp-json\/wp\/v2\/product_brand?post=485"},{"taxonomy":"product_cat","embeddable":true,"href":"https:\/\/joyasnehgne.cl\/wp3\/wp-json\/wp\/v2\/product_cat?post=485"},{"taxonomy":"product_tag","embeddable":true,"href":"https:\/\/joyasnehgne.cl\/wp3\/wp-json\/wp\/v2\/product_tag?post=485"}],"curies":[{"name":"wp","href":"https:\/\/api.w.org\/{rel}","templated":true}]}}