{"id":479,"date":"2025-02-15T22:00:49","date_gmt":"2025-02-15T22:00:49","guid":{"rendered":"https:\/\/joyasnehgne.cl\/wp3\/?post_type=product&#038;p=479"},"modified":"2025-07-30T22:01:10","modified_gmt":"2025-07-30T22:01:10","slug":"cadena-de-oro-18k-cdo023","status":"publish","type":"product","link":"https:\/\/joyasnehgne.cl\/wp3\/product\/cadena-de-oro-18k-cdo023\/","title":{"rendered":"CADENA DE ORO 18K CDO023"},"content":{"rendered":"<p>Elegante cadena de oro de 18 quilates<\/p>\n<p>Fabricada en oro amarillo con aplicaci\u00f3n de oro blanco<\/p>\n<p>Broche pescador<\/p>\n<p>Largo 45 CM<\/p>\n<p>Peso 8,1 gramos aproximadamente<\/p>\n<p>Fabricada en Italia<\/p>\n<p>Enviamos a todo Chile, si estas dentro de Santiago tiempo de demora en la entrega 2 d\u00edas h\u00e1biles<\/p>\n<p>Tambi\u00e9n puede ser retirada desde nuestro Showroom ubicado en la comuna de providencia, frente al metro Pedro de Valdivia, previa cita al +56992201582<\/p>\n","protected":false},"excerpt":{"rendered":"<p>Elegante cadena de oro de 18 quilates Fabricada en oro amarillo con aplicaci\u00f3n de oro blanco Broche pescador Largo 45 CM Peso 8,1 gramos aproximadamente Fabricada en Italia Enviamos a todo Chile, si estas dentro de Santiago tiempo de demora en la entrega 2 d\u00edas h\u00e1biles Tambi\u00e9n puede ser retirada desde nuestro Showroom ubicado en [&hellip;]<\/p>\n","protected":false},"featured_media":478,"template":"","meta":{"pagelayer_contact_templates":[],"_pagelayer_content":""},"product_brand":[],"product_cat":[29,24],"product_tag":[],"class_list":{"0":"post-479","1":"product","2":"type-product","3":"status-publish","4":"has-post-thumbnail","6":"product_cat-cadenas-de-oro","7":"product_cat-joyasdeoro","9":"first","10":"instock","11":"shipping-taxable","12":"purchasable","13":"product-type-simple"},"_links":{"self":[{"href":"https:\/\/joyasnehgne.cl\/wp3\/wp-json\/wp\/v2\/product\/479","targetHints":{"allow":["GET"]}}],"collection":[{"href":"https:\/\/joyasnehgne.cl\/wp3\/wp-json\/wp\/v2\/product"}],"about":[{"href":"https:\/\/joyasnehgne.cl\/wp3\/wp-json\/wp\/v2\/types\/product"}],"wp:featuredmedia":[{"embeddable":true,"href":"https:\/\/joyasnehgne.cl\/wp3\/wp-json\/wp\/v2\/media\/478"}],"wp:attachment":[{"href":"https:\/\/joyasnehgne.cl\/wp3\/wp-json\/wp\/v2\/media?parent=479"}],"wp:term":[{"taxonomy":"product_brand","embeddable":true,"href":"https:\/\/joyasnehgne.cl\/wp3\/wp-json\/wp\/v2\/product_brand?post=479"},{"taxonomy":"product_cat","embeddable":true,"href":"https:\/\/joyasnehgne.cl\/wp3\/wp-json\/wp\/v2\/product_cat?post=479"},{"taxonomy":"product_tag","embeddable":true,"href":"https:\/\/joyasnehgne.cl\/wp3\/wp-json\/wp\/v2\/product_tag?post=479"}],"curies":[{"name":"wp","href":"https:\/\/api.w.org\/{rel}","templated":true}]}}