{"id":466,"date":"2025-02-15T21:09:26","date_gmt":"2025-02-15T21:09:26","guid":{"rendered":"https:\/\/joyasnehgne.cl\/wp3\/?post_type=product&#038;p=466"},"modified":"2026-03-04T15:07:24","modified_gmt":"2026-03-04T15:07:24","slug":"pulsera-de-oro-18k-slb003","status":"publish","type":"product","link":"https:\/\/joyasnehgne.cl\/wp3\/product\/pulsera-de-oro-18k-slb003\/","title":{"rendered":"PULSERA DE ORO 18K  SLB003"},"content":{"rendered":"<p>Hermosa y origina Pulsera de oro 18 quilates<\/p>\n<p>Hecha a mano por mujeres Chilenas<\/p>\n<p>Modelo: Pulsera Hojitas<\/p>\n<p>Peso 4,4 gramos aproximado<\/p>\n<p>Largo de Pulsera 16 CM, se puede hacer mas larga<\/p>\n<p>Enviamos a todo Chile, Si estas en Santiago recibes tu compra en 2 d\u00edas h\u00e1biles.<\/p>\n<p>Tambi\u00e9n puedes retirarla desde nuestro Showroom ubicada en las cercan\u00edas del metro Pedro de Valdivia, en el Coraz\u00f3n de Providencia, previa llamada al +56992201582<\/p>\n<p>&nbsp;<\/p>\n","protected":false},"excerpt":{"rendered":"<p>Hermosa y origina Pulsera de oro 18 quilates Hecha a mano por mujeres Chilenas Modelo: Pulsera Hojitas Peso 4,4 gramos aproximado Largo de Pulsera 16 CM, se puede hacer mas larga Enviamos a todo Chile, Si estas en Santiago recibes tu compra en 2 d\u00edas h\u00e1biles. Tambi\u00e9n puedes retirarla desde nuestro Showroom ubicada en las [&hellip;]<\/p>\n","protected":false},"featured_media":467,"template":"","meta":{"pagelayer_contact_templates":[],"_pagelayer_content":""},"product_brand":[],"product_cat":[24,26],"product_tag":[],"class_list":{"0":"post-466","1":"product","2":"type-product","3":"status-publish","4":"has-post-thumbnail","6":"product_cat-joyasdeoro","7":"product_cat-pulserasdeoro","9":"first","10":"instock","11":"shipping-taxable","12":"purchasable","13":"product-type-simple"},"_links":{"self":[{"href":"https:\/\/joyasnehgne.cl\/wp3\/wp-json\/wp\/v2\/product\/466","targetHints":{"allow":["GET"]}}],"collection":[{"href":"https:\/\/joyasnehgne.cl\/wp3\/wp-json\/wp\/v2\/product"}],"about":[{"href":"https:\/\/joyasnehgne.cl\/wp3\/wp-json\/wp\/v2\/types\/product"}],"wp:featuredmedia":[{"embeddable":true,"href":"https:\/\/joyasnehgne.cl\/wp3\/wp-json\/wp\/v2\/media\/467"}],"wp:attachment":[{"href":"https:\/\/joyasnehgne.cl\/wp3\/wp-json\/wp\/v2\/media?parent=466"}],"wp:term":[{"taxonomy":"product_brand","embeddable":true,"href":"https:\/\/joyasnehgne.cl\/wp3\/wp-json\/wp\/v2\/product_brand?post=466"},{"taxonomy":"product_cat","embeddable":true,"href":"https:\/\/joyasnehgne.cl\/wp3\/wp-json\/wp\/v2\/product_cat?post=466"},{"taxonomy":"product_tag","embeddable":true,"href":"https:\/\/joyasnehgne.cl\/wp3\/wp-json\/wp\/v2\/product_tag?post=466"}],"curies":[{"name":"wp","href":"https:\/\/api.w.org\/{rel}","templated":true}]}}