{"id":461,"date":"2025-02-15T20:57:46","date_gmt":"2025-02-15T20:57:46","guid":{"rendered":"https:\/\/joyasnehgne.cl\/wp3\/?post_type=product&#038;p=461"},"modified":"2026-02-20T19:55:30","modified_gmt":"2026-02-20T19:55:30","slug":"anillo-oro-18k-anl109","status":"publish","type":"product","link":"https:\/\/joyasnehgne.cl\/wp3\/product\/anillo-oro-18k-anl109\/","title":{"rendered":"ANILLO ORO 18K ANL109"},"content":{"rendered":"<p>\u00danico anillo de oro 18 quilates<\/p>\n<p>con incrustaciones de circonitas<\/p>\n<p>Modelo infinito y \u00fanico<\/p>\n<p>Tama\u00f1o N\u00b019<\/p>\n<p>Peso 2,3 gramos aproximado<\/p>\n<p>Enviamos a todo Chile, si estas dentro de Santiago, tiempo de envi\u00f3 2 d\u00edas<\/p>\n<p>Tambi\u00e9n puedes venir a verlo y retirar en nuestro showroom ubicado en las cercan\u00edas del metro Pedro de Valdivia, previa cita al +56992201582<\/p>\n<p>&nbsp;<\/p>\n","protected":false},"excerpt":{"rendered":"<p>\u00danico anillo de oro 18 quilates con incrustaciones de circonitas Modelo infinito y \u00fanico Tama\u00f1o N\u00b019 Peso 2,3 gramos aproximado Enviamos a todo Chile, si estas dentro de Santiago, tiempo de envi\u00f3 2 d\u00edas Tambi\u00e9n puedes venir a verlo y retirar en nuestro showroom ubicado en las cercan\u00edas del metro Pedro de Valdivia, previa cita [&hellip;]<\/p>\n","protected":false},"featured_media":462,"template":"","meta":{"pagelayer_contact_templates":[],"_pagelayer_content":""},"product_brand":[],"product_cat":[25,24],"product_tag":[],"class_list":{"0":"post-461","1":"product","2":"type-product","3":"status-publish","4":"has-post-thumbnail","6":"product_cat-anillosdeoro","7":"product_cat-joyasdeoro","9":"first","10":"instock","11":"shipping-taxable","12":"purchasable","13":"product-type-simple"},"_links":{"self":[{"href":"https:\/\/joyasnehgne.cl\/wp3\/wp-json\/wp\/v2\/product\/461","targetHints":{"allow":["GET"]}}],"collection":[{"href":"https:\/\/joyasnehgne.cl\/wp3\/wp-json\/wp\/v2\/product"}],"about":[{"href":"https:\/\/joyasnehgne.cl\/wp3\/wp-json\/wp\/v2\/types\/product"}],"wp:featuredmedia":[{"embeddable":true,"href":"https:\/\/joyasnehgne.cl\/wp3\/wp-json\/wp\/v2\/media\/462"}],"wp:attachment":[{"href":"https:\/\/joyasnehgne.cl\/wp3\/wp-json\/wp\/v2\/media?parent=461"}],"wp:term":[{"taxonomy":"product_brand","embeddable":true,"href":"https:\/\/joyasnehgne.cl\/wp3\/wp-json\/wp\/v2\/product_brand?post=461"},{"taxonomy":"product_cat","embeddable":true,"href":"https:\/\/joyasnehgne.cl\/wp3\/wp-json\/wp\/v2\/product_cat?post=461"},{"taxonomy":"product_tag","embeddable":true,"href":"https:\/\/joyasnehgne.cl\/wp3\/wp-json\/wp\/v2\/product_tag?post=461"}],"curies":[{"name":"wp","href":"https:\/\/api.w.org\/{rel}","templated":true}]}}