{"id":452,"date":"2025-02-15T20:13:08","date_gmt":"2025-02-15T20:13:08","guid":{"rendered":"https:\/\/joyasnehgne.cl\/wp3\/?post_type=product&#038;p=452"},"modified":"2026-03-04T15:12:19","modified_gmt":"2026-03-04T15:12:19","slug":"anillo-oro-18k-anl107","status":"publish","type":"product","link":"https:\/\/joyasnehgne.cl\/wp3\/product\/anillo-oro-18k-anl107\/","title":{"rendered":"ANILLO ORO 18K ANL107"},"content":{"rendered":"<p>Delicado anillo de oro 18 quilates<\/p>\n<p>con circulo centrales y circonitas<\/p>\n<p>Peso 2,6 gramos Aproximado.<\/p>\n<p>En existencia\u00a0 medidas 15 y 18<\/p>\n<p>Si necesitas otra medida nos demoramos 15 d\u00edas h\u00e1biles en entrega<\/p>\n<p>Enviamos a todo Chile a trav\u00e9s de Chilexpress<\/p>\n<p>o puedes retirarlo desde nuestro showroom ubicado en las cercan\u00edas del metro Pedro de Valdivia, previa cita al +56992201582<\/p>\n","protected":false},"excerpt":{"rendered":"<p>Delicado anillo de oro 18 quilates con circulo centrales y circonitas Peso 2,6 gramos Aproximado. En existencia\u00a0 medidas 15 y 18 Si necesitas otra medida nos demoramos 15 d\u00edas h\u00e1biles en entrega Enviamos a todo Chile a trav\u00e9s de Chilexpress o puedes retirarlo desde nuestro showroom ubicado en las cercan\u00edas del metro Pedro de Valdivia, [&hellip;]<\/p>\n","protected":false},"featured_media":453,"template":"","meta":{"pagelayer_contact_templates":[],"_pagelayer_content":""},"product_brand":[],"product_cat":[25,24],"product_tag":[],"class_list":{"0":"post-452","1":"product","2":"type-product","3":"status-publish","4":"has-post-thumbnail","6":"product_cat-anillosdeoro","7":"product_cat-joyasdeoro","9":"first","10":"instock","11":"shipping-taxable","12":"purchasable","13":"product-type-simple"},"_links":{"self":[{"href":"https:\/\/joyasnehgne.cl\/wp3\/wp-json\/wp\/v2\/product\/452","targetHints":{"allow":["GET"]}}],"collection":[{"href":"https:\/\/joyasnehgne.cl\/wp3\/wp-json\/wp\/v2\/product"}],"about":[{"href":"https:\/\/joyasnehgne.cl\/wp3\/wp-json\/wp\/v2\/types\/product"}],"wp:featuredmedia":[{"embeddable":true,"href":"https:\/\/joyasnehgne.cl\/wp3\/wp-json\/wp\/v2\/media\/453"}],"wp:attachment":[{"href":"https:\/\/joyasnehgne.cl\/wp3\/wp-json\/wp\/v2\/media?parent=452"}],"wp:term":[{"taxonomy":"product_brand","embeddable":true,"href":"https:\/\/joyasnehgne.cl\/wp3\/wp-json\/wp\/v2\/product_brand?post=452"},{"taxonomy":"product_cat","embeddable":true,"href":"https:\/\/joyasnehgne.cl\/wp3\/wp-json\/wp\/v2\/product_cat?post=452"},{"taxonomy":"product_tag","embeddable":true,"href":"https:\/\/joyasnehgne.cl\/wp3\/wp-json\/wp\/v2\/product_tag?post=452"}],"curies":[{"name":"wp","href":"https:\/\/api.w.org\/{rel}","templated":true}]}}