{"id":2146,"date":"2026-05-08T00:17:58","date_gmt":"2026-05-08T00:17:58","guid":{"rendered":"https:\/\/joyasnehgne.cl\/wp3\/?post_type=product&#038;p=2146"},"modified":"2026-05-08T00:17:58","modified_gmt":"2026-05-08T00:17:58","slug":"collar-de-plata-cccp220","status":"publish","type":"product","link":"https:\/\/joyasnehgne.cl\/wp3\/product\/collar-de-plata-cccp220\/","title":{"rendered":"COLLAR DE PLATA CCCP220"},"content":{"rendered":"<p>Delicado collar de plata, modelo punto luz con un cristal central con corte brillante,\u00a0 sostenido por 4 grifas<\/p>\n<p>Perfecto para usar en toda ocasi\u00f3n con un look elegante y muy femenino<\/p>\n<p>Largo cadena 40 CM, acompa\u00f1ado por un suple de 3 cm adici\u00f3nales al largo<\/p>\n<p>Se entrega con caja, bolsa y pa\u00f1o de limpieza<\/p>\n<p>Enviamos a todo Chile, o nos puedes visitar en nuestras oficinas ubicadas en el coraz\u00f3n de Providencia, previa cita al +56992201582<\/p>\n<p>&nbsp;<\/p>\n<p>&nbsp;<\/p>\n<p>&nbsp;<\/p>\n","protected":false},"excerpt":{"rendered":"<p>Delicado collar de plata, modelo punto luz con un cristal central con corte brillante,\u00a0 sostenido por 4 grifas Perfecto para usar en toda ocasi\u00f3n con un look elegante y muy femenino Largo cadena 40 CM, acompa\u00f1ado por un suple de 3 cm adici\u00f3nales al largo Se entrega con caja, bolsa y pa\u00f1o de limpieza Enviamos [&hellip;]<\/p>\n","protected":false},"featured_media":2147,"template":"","meta":{"pagelayer_contact_templates":[],"_pagelayer_content":""},"product_brand":[],"product_cat":[50,17],"product_tag":[],"class_list":{"0":"post-2146","1":"product","2":"type-product","3":"status-publish","4":"has-post-thumbnail","6":"product_cat-collaresdeplata","7":"product_cat-joyasdeplata","9":"first","10":"instock","11":"shipping-taxable","12":"purchasable","13":"product-type-simple"},"_links":{"self":[{"href":"https:\/\/joyasnehgne.cl\/wp3\/wp-json\/wp\/v2\/product\/2146","targetHints":{"allow":["GET"]}}],"collection":[{"href":"https:\/\/joyasnehgne.cl\/wp3\/wp-json\/wp\/v2\/product"}],"about":[{"href":"https:\/\/joyasnehgne.cl\/wp3\/wp-json\/wp\/v2\/types\/product"}],"wp:featuredmedia":[{"embeddable":true,"href":"https:\/\/joyasnehgne.cl\/wp3\/wp-json\/wp\/v2\/media\/2147"}],"wp:attachment":[{"href":"https:\/\/joyasnehgne.cl\/wp3\/wp-json\/wp\/v2\/media?parent=2146"}],"wp:term":[{"taxonomy":"product_brand","embeddable":true,"href":"https:\/\/joyasnehgne.cl\/wp3\/wp-json\/wp\/v2\/product_brand?post=2146"},{"taxonomy":"product_cat","embeddable":true,"href":"https:\/\/joyasnehgne.cl\/wp3\/wp-json\/wp\/v2\/product_cat?post=2146"},{"taxonomy":"product_tag","embeddable":true,"href":"https:\/\/joyasnehgne.cl\/wp3\/wp-json\/wp\/v2\/product_tag?post=2146"}],"curies":[{"name":"wp","href":"https:\/\/api.w.org\/{rel}","templated":true}]}}