{"id":2136,"date":"2026-05-05T22:37:12","date_gmt":"2026-05-05T22:37:12","guid":{"rendered":"https:\/\/joyasnehgne.cl\/wp3\/?post_type=product&#038;p=2136"},"modified":"2026-05-05T22:37:12","modified_gmt":"2026-05-05T22:37:12","slug":"anillo-de-plata-ap202v","status":"publish","type":"product","link":"https:\/\/joyasnehgne.cl\/wp3\/product\/anillo-de-plata-ap202v\/","title":{"rendered":"ANILLO DE PLATA AP202V"},"content":{"rendered":"<p>Hermoso anillo de plata y circones celestes y transparente corte brillante<\/p>\n<p>Modelo Vintage.<\/p>\n<p>Tama\u00f1o disponible N\u00b020, se personaliza<\/p>\n<p>Env\u00edos a todo Chile, tambi\u00e9n nos puedes visitar en nuestro Showroom ubicado en Providencia, previa cita al tel\u00e9fono +56992201582.<\/p>\n<p>Se entrega con caja, pa\u00f1o de pulir y bolsa de regalo<\/p>\n","protected":false},"excerpt":{"rendered":"<p>Hermoso anillo de plata y circones celestes y transparente corte brillante Modelo Vintage. Tama\u00f1o disponible N\u00b020, se personaliza Env\u00edos a todo Chile, tambi\u00e9n nos puedes visitar en nuestro Showroom ubicado en Providencia, previa cita al tel\u00e9fono +56992201582. Se entrega con caja, pa\u00f1o de pulir y bolsa de regalo<\/p>\n","protected":false},"featured_media":2137,"template":"","meta":{"pagelayer_contact_templates":[],"_pagelayer_content":""},"product_brand":[],"product_cat":[18,17],"product_tag":[],"class_list":{"0":"post-2136","1":"product","2":"type-product","3":"status-publish","4":"has-post-thumbnail","6":"product_cat-anillosdeplata","7":"product_cat-joyasdeplata","9":"first","10":"instock","11":"shipping-taxable","12":"purchasable","13":"product-type-simple"},"_links":{"self":[{"href":"https:\/\/joyasnehgne.cl\/wp3\/wp-json\/wp\/v2\/product\/2136","targetHints":{"allow":["GET"]}}],"collection":[{"href":"https:\/\/joyasnehgne.cl\/wp3\/wp-json\/wp\/v2\/product"}],"about":[{"href":"https:\/\/joyasnehgne.cl\/wp3\/wp-json\/wp\/v2\/types\/product"}],"wp:featuredmedia":[{"embeddable":true,"href":"https:\/\/joyasnehgne.cl\/wp3\/wp-json\/wp\/v2\/media\/2137"}],"wp:attachment":[{"href":"https:\/\/joyasnehgne.cl\/wp3\/wp-json\/wp\/v2\/media?parent=2136"}],"wp:term":[{"taxonomy":"product_brand","embeddable":true,"href":"https:\/\/joyasnehgne.cl\/wp3\/wp-json\/wp\/v2\/product_brand?post=2136"},{"taxonomy":"product_cat","embeddable":true,"href":"https:\/\/joyasnehgne.cl\/wp3\/wp-json\/wp\/v2\/product_cat?post=2136"},{"taxonomy":"product_tag","embeddable":true,"href":"https:\/\/joyasnehgne.cl\/wp3\/wp-json\/wp\/v2\/product_tag?post=2136"}],"curies":[{"name":"wp","href":"https:\/\/api.w.org\/{rel}","templated":true}]}}