{"id":2129,"date":"2026-05-04T15:39:12","date_gmt":"2026-05-04T15:39:12","guid":{"rendered":"https:\/\/joyasnehgne.cl\/wp3\/?post_type=product&#038;p=2129"},"modified":"2026-05-04T15:39:12","modified_gmt":"2026-05-04T15:39:12","slug":"anillo-plata-ap201v","status":"publish","type":"product","link":"https:\/\/joyasnehgne.cl\/wp3\/product\/anillo-plata-ap201v\/","title":{"rendered":"ANILLO PLATA AP201V"},"content":{"rendered":"<p>Elegante anillo de plata y cristales\u00a0 al centro 4 de forma cuadra y acompa\u00f1ados tanto a su alrededor como de forma externa por circonitas en corte brillantes<\/p>\n<p>Modelo cl\u00e1sico Vintage<\/p>\n<p>Hecho e Chile<\/p>\n<p>Disponible en tama\u00f1o N\u00b0 16 se personaliza<\/p>\n<p>Enviamos a todo Chile o nos puedes visitar en nuestro Showroom ubicado en Providencia, previa cita al +56992201582<\/p>\n<p>Valor incluye caja, bolsa y pa\u00f1o de limpieza<\/p>\n","protected":false},"excerpt":{"rendered":"<p>Elegante anillo de plata y cristales\u00a0 al centro 4 de forma cuadra y acompa\u00f1ados tanto a su alrededor como de forma externa por circonitas en corte brillantes Modelo cl\u00e1sico Vintage Hecho e Chile Disponible en tama\u00f1o N\u00b0 16 se personaliza Enviamos a todo Chile o nos puedes visitar en nuestro Showroom ubicado en Providencia, previa [&hellip;]<\/p>\n","protected":false},"featured_media":2130,"template":"","meta":{"pagelayer_contact_templates":[],"_pagelayer_content":""},"product_brand":[],"product_cat":[18,17],"product_tag":[],"class_list":{"0":"post-2129","1":"product","2":"type-product","3":"status-publish","4":"has-post-thumbnail","6":"product_cat-anillosdeplata","7":"product_cat-joyasdeplata","9":"first","10":"instock","11":"shipping-taxable","12":"purchasable","13":"product-type-simple"},"_links":{"self":[{"href":"https:\/\/joyasnehgne.cl\/wp3\/wp-json\/wp\/v2\/product\/2129","targetHints":{"allow":["GET"]}}],"collection":[{"href":"https:\/\/joyasnehgne.cl\/wp3\/wp-json\/wp\/v2\/product"}],"about":[{"href":"https:\/\/joyasnehgne.cl\/wp3\/wp-json\/wp\/v2\/types\/product"}],"wp:featuredmedia":[{"embeddable":true,"href":"https:\/\/joyasnehgne.cl\/wp3\/wp-json\/wp\/v2\/media\/2130"}],"wp:attachment":[{"href":"https:\/\/joyasnehgne.cl\/wp3\/wp-json\/wp\/v2\/media?parent=2129"}],"wp:term":[{"taxonomy":"product_brand","embeddable":true,"href":"https:\/\/joyasnehgne.cl\/wp3\/wp-json\/wp\/v2\/product_brand?post=2129"},{"taxonomy":"product_cat","embeddable":true,"href":"https:\/\/joyasnehgne.cl\/wp3\/wp-json\/wp\/v2\/product_cat?post=2129"},{"taxonomy":"product_tag","embeddable":true,"href":"https:\/\/joyasnehgne.cl\/wp3\/wp-json\/wp\/v2\/product_tag?post=2129"}],"curies":[{"name":"wp","href":"https:\/\/api.w.org\/{rel}","templated":true}]}}