{"id":2102,"date":"2026-03-23T14:44:56","date_gmt":"2026-03-23T14:44:56","guid":{"rendered":"https:\/\/joyasnehgne.cl\/wp3\/?post_type=product&#038;p=2102"},"modified":"2026-03-23T14:44:56","modified_gmt":"2026-03-23T14:44:56","slug":"anillo-plata-ap199","status":"publish","type":"product","link":"https:\/\/joyasnehgne.cl\/wp3\/product\/anillo-plata-ap199\/","title":{"rendered":"ANILLO PLATA AP199"},"content":{"rendered":"<p>Incre\u00edble anillo de plata 950, hecho a mano por mujeres chilenas<\/p>\n<p>inspirada por el amor a los Helechos de nuestro pa\u00eds, Helechos chilenos<\/p>\n<p>Cada hoja de este anillo a sido creada e inspirada por la protecci\u00f3n a cada bosque de nuestro pa\u00eds<\/p>\n<p>Peso 11,30gramos<\/p>\n<p>Disponible en N17, se personaliza<\/p>\n<p>Enviamos a todo Chile, o nos puedes visitar en nuestro Showroom ubicado en Providencia, previa cita al +56992201582.<\/p>\n<p>Sabias que:<\/p>\n<p><a class=\"gs_mdlink\" tabindex=\"0\" href=\"https:\/\/www.bing.com\/ck\/a?!&amp;&amp;p=0a2af0cae655ba31e5627304635732f5e8437fc6777a4b6ed26e5b2eb7266a30JmltdHM9MTc3NDIyNDAwMA&amp;ptn=3&amp;ver=2&amp;hsh=4&amp;fclid=0f322afd-ed61-6e2a-33bd-3f68ecc46f40&amp;u=a1aHR0cHM6Ly9lcy5hbWUtanVtZWxsZS5jb20vc2lnbmlmaWNhZG8tZXNwaXJpdHVhbC9oZWxlY2hvLXNpZ25pZmljYWRvLWVzcGlyaXR1YWwv&amp;ntb=1\" target=\"_blank\" rel=\"noopener\"><span class=\"gs_cit_txt\" tabindex=\"-1\" data-sups=\"1,2,3,4,5,6\" data-hover-id=\"1\"><span class=\"gs_tkn\">El\u00a0<\/span><strong><span class=\"gs_tkn\">helecho<\/span><\/strong><span class=\"gs_tkn\">\u00a0<\/span><span class=\"gs_tkn\">tiene\u00a0<\/span><span class=\"gs_tkn\">un\u00a0<\/span><span class=\"gs_tkn\">profundo\u00a0<\/span><strong><span class=\"gs_tkn\">significado\u00a0<\/span><span class=\"gs_tkn\">espiritual<\/span><\/strong><span class=\"gs_tkn\">\u00a0<\/span><span class=\"gs_tkn\">en\u00a0<\/span><span class=\"gs_tkn\">muchas\u00a0<\/span><span class=\"gs_tkn\">culturas.\u00a0<\/span><span class=\"gs_tkn\">Representa\u00a0<\/span><span class=\"gs_tkn\">la\u00a0<\/span><strong><span class=\"gs_tkn\">inmortalidad<\/span><\/strong><span class=\"gs_tkn\">,\u00a0<\/span><span class=\"gs_tkn\">la\u00a0<\/span><strong><span class=\"gs_tkn\">conexi\u00f3n\u00a0<\/span><span class=\"gs_tkn\">con\u00a0<\/span><span class=\"gs_tkn\">la\u00a0<\/span><span class=\"gs_tkn\">naturaleza<\/span><\/strong><span class=\"gs_tkn\">\u00a0<\/span><span class=\"gs_tkn\">y\u00a0<\/span><span class=\"gs_tkn\">la\u00a0<\/span><strong><span class=\"gs_tkn\">resiliencia<\/span><\/strong><span class=\"gs_tkn\">.\u00a0<\/span><span class=\"gs_tkn\">Se\u00a0<\/span><span class=\"gs_tkn\">asocia\u00a0<\/span><span class=\"gs_tkn\">con\u00a0<\/span><span class=\"gs_tkn\">la\u00a0<\/span><strong><span class=\"gs_tkn\">paz<\/span><\/strong><span class=\"gs_tkn\">,\u00a0<\/span><span class=\"gs_tkn\">la\u00a0<\/span><strong><span class=\"gs_tkn\">tranquilidad<\/span><\/strong><span class=\"gs_tkn\">\u00a0<\/span><span class=\"gs_tkn\">y\u00a0<\/span><span class=\"gs_tkn\">la\u00a0<\/span><strong><span class=\"gs_tkn\">energ\u00eda\u00a0<\/span><span class=\"gs_tkn\">positiva<\/span><\/strong><span class=\"gs_tkn\">,\u00a0<\/span><span class=\"gs_tkn\">y\u00a0<\/span><span class=\"gs_tkn\">se\u00a0<\/span><span class=\"gs_tkn\">cree\u00a0<\/span><span class=\"gs_tkn\">que\u00a0<\/span><span class=\"gs_tkn\">atrae\u00a0<\/span><strong><span class=\"gs_tkn\">protecci\u00f3n<\/span><\/strong><span class=\"gs_tkn\">\u00a0<\/span><span class=\"gs_tkn\">y\u00a0<\/span><strong><span class=\"gs_tkn\">buena\u00a0<\/span><span class=\"gs_tkn\">suerte<\/span><\/strong><span class=\"gs_tkn\">.\u00a0<\/span><span class=\"gs_tkn\">Adem\u00e1s,\u00a0<\/span><span class=\"gs_tkn\">el\u00a0<\/span><span class=\"gs_tkn\">helecho\u00a0<\/span><span class=\"gs_tkn\">simboliza\u00a0<\/span><span class=\"gs_tkn\">la\u00a0<\/span><strong><span class=\"gs_tkn\">renovaci\u00f3n<\/span><\/strong><span class=\"gs_tkn\">\u00a0<\/span><span class=\"gs_tkn\">y\u00a0<\/span><span class=\"gs_tkn\">el\u00a0<\/span><strong><span class=\"gs_tkn\">crecimiento<\/span><\/strong><span class=\"gs_tkn\">,\u00a0<\/span><span class=\"gs_tkn\">y\u00a0<\/span><span class=\"gs_tkn\">se\u00a0<\/span><span class=\"gs_tkn\">utiliza\u00a0<\/span><span class=\"gs_tkn\">en\u00a0<\/span><span class=\"gs_tkn\">rituales\u00a0<\/span><span class=\"gs_tkn\">para\u00a0<\/span><span class=\"gs_tkn\">purificar\u00a0<\/span><span class=\"gs_tkn\">el\u00a0<\/span><span class=\"gs_tkn\">ambiente\u00a0<\/span><span class=\"gs_tkn\">y\u00a0<\/span><span class=\"gs_tkn\">abrir\u00a0<\/span><span class=\"gs_tkn\">puertas\u00a0<\/span><span class=\"gs_tkn\">hacia\u00a0<\/span><span class=\"gs_tkn\">el\u00a0<\/span><span class=\"gs_tkn\">mundo\u00a0<\/span><span class=\"gs_tkn\">espiritual.<\/span><\/span><\/a><\/p>\n","protected":false},"excerpt":{"rendered":"<p>Incre\u00edble anillo de plata 950, hecho a mano por mujeres chilenas inspirada por el amor a los Helechos de nuestro pa\u00eds, Helechos chilenos Cada hoja de este anillo a sido creada e inspirada por la protecci\u00f3n a cada bosque de nuestro pa\u00eds Peso 11,30gramos Disponible en N17, se personaliza Enviamos a todo Chile, o nos [&hellip;]<\/p>\n","protected":false},"featured_media":2107,"template":"","meta":{"pagelayer_contact_templates":[],"_pagelayer_content":""},"product_brand":[],"product_cat":[18,17],"product_tag":[],"class_list":{"0":"post-2102","1":"product","2":"type-product","3":"status-publish","4":"has-post-thumbnail","6":"product_cat-anillosdeplata","7":"product_cat-joyasdeplata","9":"first","10":"instock","11":"shipping-taxable","12":"purchasable","13":"product-type-simple"},"_links":{"self":[{"href":"https:\/\/joyasnehgne.cl\/wp3\/wp-json\/wp\/v2\/product\/2102","targetHints":{"allow":["GET"]}}],"collection":[{"href":"https:\/\/joyasnehgne.cl\/wp3\/wp-json\/wp\/v2\/product"}],"about":[{"href":"https:\/\/joyasnehgne.cl\/wp3\/wp-json\/wp\/v2\/types\/product"}],"wp:featuredmedia":[{"embeddable":true,"href":"https:\/\/joyasnehgne.cl\/wp3\/wp-json\/wp\/v2\/media\/2107"}],"wp:attachment":[{"href":"https:\/\/joyasnehgne.cl\/wp3\/wp-json\/wp\/v2\/media?parent=2102"}],"wp:term":[{"taxonomy":"product_brand","embeddable":true,"href":"https:\/\/joyasnehgne.cl\/wp3\/wp-json\/wp\/v2\/product_brand?post=2102"},{"taxonomy":"product_cat","embeddable":true,"href":"https:\/\/joyasnehgne.cl\/wp3\/wp-json\/wp\/v2\/product_cat?post=2102"},{"taxonomy":"product_tag","embeddable":true,"href":"https:\/\/joyasnehgne.cl\/wp3\/wp-json\/wp\/v2\/product_tag?post=2102"}],"curies":[{"name":"wp","href":"https:\/\/api.w.org\/{rel}","templated":true}]}}