{"id":2022,"date":"2026-02-10T21:16:20","date_gmt":"2026-02-10T21:16:20","guid":{"rendered":"https:\/\/joyasnehgne.cl\/wp3\/?post_type=product&#038;p=2022"},"modified":"2026-02-10T21:16:20","modified_gmt":"2026-02-10T21:16:20","slug":"collar-oro-18k-cco172","status":"publish","type":"product","link":"https:\/\/joyasnehgne.cl\/wp3\/product\/collar-oro-18k-cco172\/","title":{"rendered":"COLLAR ORO 18K CCO172"},"content":{"rendered":"<p>Collar de oro 18quilates<\/p>\n<p>Hecho en chile<\/p>\n<p>Modelo mini coraz\u00f3n<\/p>\n<p>Cadena maquina de 60 CM<\/p>\n<p>Tama\u00f1o coraz\u00f3n 8 x 8 MM<\/p>\n<p>peso total collar\u00a0 2,2 gramos aproximados<\/p>\n<p>Disponible<\/p>\n<p>Envios a todo Chile o nos puedes visitar previa cita al +56992201582<\/p>\n","protected":false},"excerpt":{"rendered":"<p>Collar de oro 18quilates Hecho en chile Modelo mini coraz\u00f3n Cadena maquina de 60 CM Tama\u00f1o coraz\u00f3n 8 x 8 MM peso total collar\u00a0 2,2 gramos aproximados Disponible Envios a todo Chile o nos puedes visitar previa cita al +56992201582<\/p>\n","protected":false},"featured_media":2023,"template":"","meta":{"pagelayer_contact_templates":[],"_pagelayer_content":""},"product_brand":[],"product_cat":[27,24],"product_tag":[],"class_list":{"0":"post-2022","1":"product","2":"type-product","3":"status-publish","4":"has-post-thumbnail","6":"product_cat-collaresdeoro","7":"product_cat-joyasdeoro","9":"first","10":"instock","11":"shipping-taxable","12":"purchasable","13":"product-type-simple"},"_links":{"self":[{"href":"https:\/\/joyasnehgne.cl\/wp3\/wp-json\/wp\/v2\/product\/2022","targetHints":{"allow":["GET"]}}],"collection":[{"href":"https:\/\/joyasnehgne.cl\/wp3\/wp-json\/wp\/v2\/product"}],"about":[{"href":"https:\/\/joyasnehgne.cl\/wp3\/wp-json\/wp\/v2\/types\/product"}],"wp:featuredmedia":[{"embeddable":true,"href":"https:\/\/joyasnehgne.cl\/wp3\/wp-json\/wp\/v2\/media\/2023"}],"wp:attachment":[{"href":"https:\/\/joyasnehgne.cl\/wp3\/wp-json\/wp\/v2\/media?parent=2022"}],"wp:term":[{"taxonomy":"product_brand","embeddable":true,"href":"https:\/\/joyasnehgne.cl\/wp3\/wp-json\/wp\/v2\/product_brand?post=2022"},{"taxonomy":"product_cat","embeddable":true,"href":"https:\/\/joyasnehgne.cl\/wp3\/wp-json\/wp\/v2\/product_cat?post=2022"},{"taxonomy":"product_tag","embeddable":true,"href":"https:\/\/joyasnehgne.cl\/wp3\/wp-json\/wp\/v2\/product_tag?post=2022"}],"curies":[{"name":"wp","href":"https:\/\/api.w.org\/{rel}","templated":true}]}}