{"id":2003,"date":"2026-02-06T18:59:13","date_gmt":"2026-02-06T18:59:13","guid":{"rendered":"https:\/\/joyasnehgne.cl\/wp3\/?post_type=product&#038;p=2003"},"modified":"2026-02-06T18:59:13","modified_gmt":"2026-02-06T18:59:13","slug":"collar-de-plata-950-cccp217","status":"publish","type":"product","link":"https:\/\/joyasnehgne.cl\/wp3\/product\/collar-de-plata-950-cccp217\/","title":{"rendered":"COLLAR DE PLATA 950 CCCP217"},"content":{"rendered":"<p>Encantador collar de plata 950 y cuarzo rosa lechoso<\/p>\n<p>Hecho a mano por orfebres Chilenos<\/p>\n<p>Este coraz\u00f3n simboliza el amor, pero en especial el amor a la Naturaleza<\/p>\n<p>Modelo de cadena Topo<\/p>\n<p>Largo 45 CM<\/p>\n<p>Coraz\u00f3n 24,94 X 33MM<\/p>\n<p>Cuarzo cabuch\u00f3n de 8x6mm<\/p>\n<p>Env\u00edos a todo Chile o puedes visitarnos en Providencia, previa cita al +56 9 92201582<\/p>\n<p>&nbsp;<\/p>\n","protected":false},"excerpt":{"rendered":"<p>Encantador collar de plata 950 y cuarzo rosa lechoso Hecho a mano por orfebres Chilenos Este coraz\u00f3n simboliza el amor, pero en especial el amor a la Naturaleza Modelo de cadena Topo Largo 45 CM Coraz\u00f3n 24,94 X 33MM Cuarzo cabuch\u00f3n de 8x6mm Env\u00edos a todo Chile o puedes visitarnos en Providencia, previa cita al [&hellip;]<\/p>\n","protected":false},"featured_media":2004,"template":"","meta":{"pagelayer_contact_templates":[],"_pagelayer_content":""},"product_brand":[],"product_cat":[50,17],"product_tag":[],"class_list":{"0":"post-2003","1":"product","2":"type-product","3":"status-publish","4":"has-post-thumbnail","6":"product_cat-collaresdeplata","7":"product_cat-joyasdeplata","9":"first","10":"instock","11":"shipping-taxable","12":"purchasable","13":"product-type-simple"},"_links":{"self":[{"href":"https:\/\/joyasnehgne.cl\/wp3\/wp-json\/wp\/v2\/product\/2003","targetHints":{"allow":["GET"]}}],"collection":[{"href":"https:\/\/joyasnehgne.cl\/wp3\/wp-json\/wp\/v2\/product"}],"about":[{"href":"https:\/\/joyasnehgne.cl\/wp3\/wp-json\/wp\/v2\/types\/product"}],"wp:featuredmedia":[{"embeddable":true,"href":"https:\/\/joyasnehgne.cl\/wp3\/wp-json\/wp\/v2\/media\/2004"}],"wp:attachment":[{"href":"https:\/\/joyasnehgne.cl\/wp3\/wp-json\/wp\/v2\/media?parent=2003"}],"wp:term":[{"taxonomy":"product_brand","embeddable":true,"href":"https:\/\/joyasnehgne.cl\/wp3\/wp-json\/wp\/v2\/product_brand?post=2003"},{"taxonomy":"product_cat","embeddable":true,"href":"https:\/\/joyasnehgne.cl\/wp3\/wp-json\/wp\/v2\/product_cat?post=2003"},{"taxonomy":"product_tag","embeddable":true,"href":"https:\/\/joyasnehgne.cl\/wp3\/wp-json\/wp\/v2\/product_tag?post=2003"}],"curies":[{"name":"wp","href":"https:\/\/api.w.org\/{rel}","templated":true}]}}