{"id":1885,"date":"2026-01-25T17:23:53","date_gmt":"2026-01-25T17:23:53","guid":{"rendered":"https:\/\/joyasnehgne.cl\/wp3\/?post_type=product&#038;p=1885"},"modified":"2026-03-04T17:28:16","modified_gmt":"2026-03-04T17:28:16","slug":"anillo-de-oro-18k-anl148","status":"publish","type":"product","link":"https:\/\/joyasnehgne.cl\/wp3\/product\/anillo-de-oro-18k-anl148\/","title":{"rendered":"ANILLO DE ORO 18K ANL148"},"content":{"rendered":"<p>Este anillo de oro 18 quilates, hecho a mano con dedicaci\u00f3n y detalles, es una joya que habla de arte tradici\u00f3n y belleza<\/p>\n<p>con un circ\u00f3n central que capta la luz de forma sutil<\/p>\n<p>medida disponible N\u00aa13 se personaliza<\/p>\n<p>Peso 2,11 gramos aproximados<\/p>\n<p>se env\u00eda a todo Chile o puedes visitarnos en nuestra oficina ubicada en Providencia, previa cita al +56 9 92201582<\/p>\n","protected":false},"excerpt":{"rendered":"<p>Este anillo de oro 18 quilates, hecho a mano con dedicaci\u00f3n y detalles, es una joya que habla de arte tradici\u00f3n y belleza con un circ\u00f3n central que capta la luz de forma sutil medida disponible N\u00aa13 se personaliza Peso 2,11 gramos aproximados se env\u00eda a todo Chile o puedes visitarnos en nuestra oficina ubicada [&hellip;]<\/p>\n","protected":false},"featured_media":1888,"template":"","meta":{"pagelayer_contact_templates":[],"_pagelayer_content":""},"product_brand":[],"product_cat":[25,24],"product_tag":[],"class_list":{"0":"post-1885","1":"product","2":"type-product","3":"status-publish","4":"has-post-thumbnail","6":"product_cat-anillosdeoro","7":"product_cat-joyasdeoro","9":"first","10":"instock","11":"shipping-taxable","12":"purchasable","13":"product-type-simple"},"_links":{"self":[{"href":"https:\/\/joyasnehgne.cl\/wp3\/wp-json\/wp\/v2\/product\/1885","targetHints":{"allow":["GET"]}}],"collection":[{"href":"https:\/\/joyasnehgne.cl\/wp3\/wp-json\/wp\/v2\/product"}],"about":[{"href":"https:\/\/joyasnehgne.cl\/wp3\/wp-json\/wp\/v2\/types\/product"}],"wp:featuredmedia":[{"embeddable":true,"href":"https:\/\/joyasnehgne.cl\/wp3\/wp-json\/wp\/v2\/media\/1888"}],"wp:attachment":[{"href":"https:\/\/joyasnehgne.cl\/wp3\/wp-json\/wp\/v2\/media?parent=1885"}],"wp:term":[{"taxonomy":"product_brand","embeddable":true,"href":"https:\/\/joyasnehgne.cl\/wp3\/wp-json\/wp\/v2\/product_brand?post=1885"},{"taxonomy":"product_cat","embeddable":true,"href":"https:\/\/joyasnehgne.cl\/wp3\/wp-json\/wp\/v2\/product_cat?post=1885"},{"taxonomy":"product_tag","embeddable":true,"href":"https:\/\/joyasnehgne.cl\/wp3\/wp-json\/wp\/v2\/product_tag?post=1885"}],"curies":[{"name":"wp","href":"https:\/\/api.w.org\/{rel}","templated":true}]}}