{"id":1879,"date":"2026-01-21T16:10:18","date_gmt":"2026-01-21T16:10:18","guid":{"rendered":"https:\/\/joyasnehgne.cl\/wp3\/?post_type=product&#038;p=1879"},"modified":"2026-01-21T16:10:18","modified_gmt":"2026-01-21T16:10:18","slug":"anillo-de-oro-18k-anl140","status":"publish","type":"product","link":"https:\/\/joyasnehgne.cl\/wp3\/product\/anillo-de-oro-18k-anl140\/","title":{"rendered":"ANILLO DE ORO 18K ANL140"},"content":{"rendered":"<p>Delicado solitario de oro de 18 quilates<\/p>\n<p>con circ\u00f3n central (tambi\u00e9n puede llevar 1 diamante, variara el valor) de 2mm de di\u00e1metro<\/p>\n<p>Ideal para usarlo con anillo de compromiso<\/p>\n<p>esta disponible en N\u00b0 14 Tambi\u00e9n se personaliza<\/p>\n<p>Peso 1,4 gramos<\/p>\n<p>Hecho a mano por orfebres Chilenos<\/p>\n<p>Env\u00edos a todo Chile o\u00a0 Puedes visitarnos en nuestras oficinas en Providencia, Previa cita al +56992201582<\/p>\n","protected":false},"excerpt":{"rendered":"<p>Delicado solitario de oro de 18 quilates con circ\u00f3n central (tambi\u00e9n puede llevar 1 diamante, variara el valor) de 2mm de di\u00e1metro Ideal para usarlo con anillo de compromiso esta disponible en N\u00b0 14 Tambi\u00e9n se personaliza Peso 1,4 gramos Hecho a mano por orfebres Chilenos Env\u00edos a todo Chile o\u00a0 Puedes visitarnos en nuestras [&hellip;]<\/p>\n","protected":false},"featured_media":1881,"template":"","meta":{"pagelayer_contact_templates":[],"_pagelayer_content":""},"product_brand":[],"product_cat":[25,24],"product_tag":[],"class_list":{"0":"post-1879","1":"product","2":"type-product","3":"status-publish","4":"has-post-thumbnail","6":"product_cat-anillosdeoro","7":"product_cat-joyasdeoro","9":"first","10":"instock","11":"shipping-taxable","12":"purchasable","13":"product-type-simple"},"_links":{"self":[{"href":"https:\/\/joyasnehgne.cl\/wp3\/wp-json\/wp\/v2\/product\/1879","targetHints":{"allow":["GET"]}}],"collection":[{"href":"https:\/\/joyasnehgne.cl\/wp3\/wp-json\/wp\/v2\/product"}],"about":[{"href":"https:\/\/joyasnehgne.cl\/wp3\/wp-json\/wp\/v2\/types\/product"}],"wp:featuredmedia":[{"embeddable":true,"href":"https:\/\/joyasnehgne.cl\/wp3\/wp-json\/wp\/v2\/media\/1881"}],"wp:attachment":[{"href":"https:\/\/joyasnehgne.cl\/wp3\/wp-json\/wp\/v2\/media?parent=1879"}],"wp:term":[{"taxonomy":"product_brand","embeddable":true,"href":"https:\/\/joyasnehgne.cl\/wp3\/wp-json\/wp\/v2\/product_brand?post=1879"},{"taxonomy":"product_cat","embeddable":true,"href":"https:\/\/joyasnehgne.cl\/wp3\/wp-json\/wp\/v2\/product_cat?post=1879"},{"taxonomy":"product_tag","embeddable":true,"href":"https:\/\/joyasnehgne.cl\/wp3\/wp-json\/wp\/v2\/product_tag?post=1879"}],"curies":[{"name":"wp","href":"https:\/\/api.w.org\/{rel}","templated":true}]}}