{"id":1873,"date":"2026-01-21T15:32:47","date_gmt":"2026-01-21T15:32:47","guid":{"rendered":"https:\/\/joyasnehgne.cl\/wp3\/?post_type=product&#038;p=1873"},"modified":"2026-03-04T17:29:25","modified_gmt":"2026-03-04T17:29:25","slug":"anillo-de-oro-18k-anl125","status":"publish","type":"product","link":"https:\/\/joyasnehgne.cl\/wp3\/product\/anillo-de-oro-18k-anl125\/","title":{"rendered":"ANILLO DE ORO 18K ANL125"},"content":{"rendered":"<p>Delicado Anillo de oro de 18 quilates y al centro una hermosa Turmalina Verde<\/p>\n<p>Tra\u00edda directamente de Pakist\u00e1n<\/p>\n<p>Este hermoso anillo esta disponible en N\u00b015<\/p>\n<p>y tambi\u00e9n lo podemos personalizar<\/p>\n<p>Peso total anillo 3,80<\/p>\n<p>Tiempo confecci\u00f3n\u00a0 4 d\u00edas h\u00e1biles<\/p>\n<p>Env\u00edos a todo Chile, o puedes venir a verlos en nuestras oficinas ubicadas en Providencia, previa cita al +56992201582<\/p>\n","protected":false},"excerpt":{"rendered":"<p>Delicado Anillo de oro de 18 quilates y al centro una hermosa Turmalina Verde Tra\u00edda directamente de Pakist\u00e1n Este hermoso anillo esta disponible en N\u00b015 y tambi\u00e9n lo podemos personalizar Peso total anillo 3,80 Tiempo confecci\u00f3n\u00a0 4 d\u00edas h\u00e1biles Env\u00edos a todo Chile, o puedes venir a verlos en nuestras oficinas ubicadas en Providencia, previa [&hellip;]<\/p>\n","protected":false},"featured_media":1878,"template":"","meta":{"pagelayer_contact_templates":[],"_pagelayer_content":""},"product_brand":[],"product_cat":[25,24],"product_tag":[],"class_list":{"0":"post-1873","1":"product","2":"type-product","3":"status-publish","4":"has-post-thumbnail","6":"product_cat-anillosdeoro","7":"product_cat-joyasdeoro","9":"first","10":"instock","11":"shipping-taxable","12":"purchasable","13":"product-type-simple"},"_links":{"self":[{"href":"https:\/\/joyasnehgne.cl\/wp3\/wp-json\/wp\/v2\/product\/1873","targetHints":{"allow":["GET"]}}],"collection":[{"href":"https:\/\/joyasnehgne.cl\/wp3\/wp-json\/wp\/v2\/product"}],"about":[{"href":"https:\/\/joyasnehgne.cl\/wp3\/wp-json\/wp\/v2\/types\/product"}],"wp:featuredmedia":[{"embeddable":true,"href":"https:\/\/joyasnehgne.cl\/wp3\/wp-json\/wp\/v2\/media\/1878"}],"wp:attachment":[{"href":"https:\/\/joyasnehgne.cl\/wp3\/wp-json\/wp\/v2\/media?parent=1873"}],"wp:term":[{"taxonomy":"product_brand","embeddable":true,"href":"https:\/\/joyasnehgne.cl\/wp3\/wp-json\/wp\/v2\/product_brand?post=1873"},{"taxonomy":"product_cat","embeddable":true,"href":"https:\/\/joyasnehgne.cl\/wp3\/wp-json\/wp\/v2\/product_cat?post=1873"},{"taxonomy":"product_tag","embeddable":true,"href":"https:\/\/joyasnehgne.cl\/wp3\/wp-json\/wp\/v2\/product_tag?post=1873"}],"curies":[{"name":"wp","href":"https:\/\/api.w.org\/{rel}","templated":true}]}}