{"id":1867,"date":"2026-01-19T12:34:00","date_gmt":"2026-01-19T12:34:00","guid":{"rendered":"https:\/\/joyasnehgne.cl\/wp3\/?post_type=product&#038;p=1867"},"modified":"2026-03-04T17:25:24","modified_gmt":"2026-03-04T17:25:24","slug":"anillo-de-oro-18k-anl110","status":"publish","type":"product","link":"https:\/\/joyasnehgne.cl\/wp3\/product\/anillo-de-oro-18k-anl110\/","title":{"rendered":"ANILLO DE ORO 18K ANL110"},"content":{"rendered":"<p>Incre\u00edble anillo de oro 18 quilates, para toda tu vida<\/p>\n<p>Oro 18k fino<\/p>\n<p>Acompa\u00f1ado con circones de excelente calidad<\/p>\n<p>Hecho en Chile y se personaliza<\/p>\n<p>Peso 3,1 gr Aproximado<\/p>\n<p>Tama\u00f1o disponible 17<\/p>\n<p>Se realizan en todas las medidas, tiempo confecci\u00f3n 3 d\u00edas h\u00e1biles<\/p>\n<p>Env\u00edos a todo Chile o nos puedes visitar en nuestro Showroom ubicado en Providencia, Previa cita al +56992201582<\/p>\n<p>&nbsp;<\/p>\n","protected":false},"excerpt":{"rendered":"<p>Incre\u00edble anillo de oro 18 quilates, para toda tu vida Oro 18k fino Acompa\u00f1ado con circones de excelente calidad Hecho en Chile y se personaliza Peso 3,1 gr Aproximado Tama\u00f1o disponible 17 Se realizan en todas las medidas, tiempo confecci\u00f3n 3 d\u00edas h\u00e1biles Env\u00edos a todo Chile o nos puedes visitar en nuestro Showroom ubicado [&hellip;]<\/p>\n","protected":false},"featured_media":1872,"template":"","meta":{"pagelayer_contact_templates":[],"_pagelayer_content":""},"product_brand":[],"product_cat":[25,24],"product_tag":[],"class_list":{"0":"post-1867","1":"product","2":"type-product","3":"status-publish","4":"has-post-thumbnail","6":"product_cat-anillosdeoro","7":"product_cat-joyasdeoro","9":"first","10":"instock","11":"shipping-taxable","12":"purchasable","13":"product-type-simple"},"_links":{"self":[{"href":"https:\/\/joyasnehgne.cl\/wp3\/wp-json\/wp\/v2\/product\/1867","targetHints":{"allow":["GET"]}}],"collection":[{"href":"https:\/\/joyasnehgne.cl\/wp3\/wp-json\/wp\/v2\/product"}],"about":[{"href":"https:\/\/joyasnehgne.cl\/wp3\/wp-json\/wp\/v2\/types\/product"}],"wp:featuredmedia":[{"embeddable":true,"href":"https:\/\/joyasnehgne.cl\/wp3\/wp-json\/wp\/v2\/media\/1872"}],"wp:attachment":[{"href":"https:\/\/joyasnehgne.cl\/wp3\/wp-json\/wp\/v2\/media?parent=1867"}],"wp:term":[{"taxonomy":"product_brand","embeddable":true,"href":"https:\/\/joyasnehgne.cl\/wp3\/wp-json\/wp\/v2\/product_brand?post=1867"},{"taxonomy":"product_cat","embeddable":true,"href":"https:\/\/joyasnehgne.cl\/wp3\/wp-json\/wp\/v2\/product_cat?post=1867"},{"taxonomy":"product_tag","embeddable":true,"href":"https:\/\/joyasnehgne.cl\/wp3\/wp-json\/wp\/v2\/product_tag?post=1867"}],"curies":[{"name":"wp","href":"https:\/\/api.w.org\/{rel}","templated":true}]}}