{"id":1845,"date":"2026-01-07T18:58:54","date_gmt":"2026-01-07T18:58:54","guid":{"rendered":"https:\/\/joyasnehgne.cl\/wp3\/?post_type=product&#038;p=1845"},"modified":"2026-01-25T23:08:01","modified_gmt":"2026-01-25T23:08:01","slug":"collar-de-plata-cccp215","status":"publish","type":"product","link":"https:\/\/joyasnehgne.cl\/wp3\/product\/collar-de-plata-cccp215\/","title":{"rendered":"COLLAR DE PLATA CCCP215"},"content":{"rendered":"<ol>\n<li>Collar de plata 950 y coral natural<\/li>\n<\/ol>\n<p>de nuestra colecci\u00f3n helechos<\/p>\n<p>ideal para lucir en toda ocasi\u00f3n especialmente las fan\u00e1ticas de las plantas<\/p>\n<p>Peso 4,72 gramos<\/p>\n<p>Largo cadena 42CM modelo cadena tradicional<\/p>\n<p>Tama\u00f1o hoja 5x 13 CM<\/p>\n<p>Envios a todo Chile o nos puedes visitar en nuestra oficina ubicada en Providencia, previa cita al +56992201582<\/p>\n","protected":false},"excerpt":{"rendered":"<p>Collar de plata 950 y coral natural de nuestra colecci\u00f3n helechos ideal para lucir en toda ocasi\u00f3n especialmente las fan\u00e1ticas de las plantas Peso 4,72 gramos Largo cadena 42CM modelo cadena tradicional Tama\u00f1o hoja 5x 13 CM Envios a todo Chile o nos puedes visitar en nuestra oficina ubicada en Providencia, previa cita al +56992201582<\/p>\n","protected":false},"featured_media":1847,"template":"","meta":{"pagelayer_contact_templates":[],"_pagelayer_content":""},"product_brand":[],"product_cat":[50,17],"product_tag":[],"class_list":{"0":"post-1845","1":"product","2":"type-product","3":"status-publish","4":"has-post-thumbnail","6":"product_cat-collaresdeplata","7":"product_cat-joyasdeplata","9":"first","10":"instock","11":"shipping-taxable","12":"purchasable","13":"product-type-simple"},"_links":{"self":[{"href":"https:\/\/joyasnehgne.cl\/wp3\/wp-json\/wp\/v2\/product\/1845","targetHints":{"allow":["GET"]}}],"collection":[{"href":"https:\/\/joyasnehgne.cl\/wp3\/wp-json\/wp\/v2\/product"}],"about":[{"href":"https:\/\/joyasnehgne.cl\/wp3\/wp-json\/wp\/v2\/types\/product"}],"wp:featuredmedia":[{"embeddable":true,"href":"https:\/\/joyasnehgne.cl\/wp3\/wp-json\/wp\/v2\/media\/1847"}],"wp:attachment":[{"href":"https:\/\/joyasnehgne.cl\/wp3\/wp-json\/wp\/v2\/media?parent=1845"}],"wp:term":[{"taxonomy":"product_brand","embeddable":true,"href":"https:\/\/joyasnehgne.cl\/wp3\/wp-json\/wp\/v2\/product_brand?post=1845"},{"taxonomy":"product_cat","embeddable":true,"href":"https:\/\/joyasnehgne.cl\/wp3\/wp-json\/wp\/v2\/product_cat?post=1845"},{"taxonomy":"product_tag","embeddable":true,"href":"https:\/\/joyasnehgne.cl\/wp3\/wp-json\/wp\/v2\/product_tag?post=1845"}],"curies":[{"name":"wp","href":"https:\/\/api.w.org\/{rel}","templated":true}]}}