{"id":1826,"date":"2025-12-28T22:56:08","date_gmt":"2025-12-28T22:56:08","guid":{"rendered":"https:\/\/joyasnehgne.cl\/wp3\/?post_type=product&#038;p=1826"},"modified":"2026-01-25T23:12:14","modified_gmt":"2026-01-25T23:12:14","slug":"collar-plata-cccp211","status":"publish","type":"product","link":"https:\/\/joyasnehgne.cl\/wp3\/product\/collar-plata-cccp211\/","title":{"rendered":"COLLAR PLATA CCCP211"},"content":{"rendered":"<p>Delicado collar de plata 950 con hoja de Acacia<\/p>\n<p>Acompa\u00f1ado de una Ra\u00edz de Rub\u00ed Natural<\/p>\n<p>Hecho a Mano por orfebres chilenos. Se personaliza<\/p>\n<p>Largo 43 CM<\/p>\n<p>Tama\u00f1o hoja de 3 X 1,5 CM<\/p>\n<p>Peso 4,4 gramos<\/p>\n<p>Env\u00edos a todo Chile o puede visitarnos en nuestras oficinas ubicadas en Providencia previa cita al +56992201582<\/p>\n<p><span class=\"gs_tkn\">Sabias que las: <\/span><span class=\"gs_tkn\">hojas\u00a0<\/span><span class=\"gs_tkn\">de\u00a0<\/span><span class=\"gs_tkn\">acacia\u00a0<\/span><span class=\"gs_tkn\">son\u00a0<\/span><span class=\"gs_tkn\">utilizadas\u00a0<\/span><span class=\"gs_tkn\">en\u00a0<\/span><span class=\"gs_tkn\">diversas\u00a0<\/span><span class=\"gs_tkn\">pr\u00e1cticas\u00a0<\/span><span class=\"gs_tkn\">espirituales\u00a0<\/span><span class=\"gs_tkn\">y\u00a0<\/span><span class=\"gs_tkn\">m\u00e1gicas\u00a0<\/span><span class=\"gs_tkn\">para\u00a0<\/span><span class=\"gs_tkn\">aprovechar\u00a0<\/span><span class=\"gs_tkn\">sus\u00a0<\/span><span class=\"gs_tkn\">propiedades\u00a0<\/span><span class=\"gs_tkn\">curativas\u00a0<\/span><span class=\"gs_tkn\">y\u00a0<\/span><span class=\"gs_tkn\">espirituales.\u00a0<\/span><span class=\"gs_tkn\">Aqu\u00ed\u00a0<\/span><span class=\"gs_tkn\">hay\u00a0<\/span><span class=\"gs_tkn\">algunas\u00a0<\/span><span class=\"gs_tkn\">de\u00a0<\/span><span class=\"gs_tkn\">las\u00a0<\/span><span class=\"gs_tkn\">principales\u00a0<\/span><span class=\"gs_tkn\">usos\u00a0<\/span><span class=\"gs_tkn\">de\u00a0<\/span><span class=\"gs_tkn\">las\u00a0<\/span><span class=\"gs_tkn\">hojas\u00a0<\/span><span class=\"gs_tkn\">de\u00a0<\/span><span class=\"gs_tkn\">acacia\u00a0<\/span><span class=\"gs_tkn\">en\u00a0<\/span><span class=\"gs_tkn\">el\u00a0<\/span><span class=\"gs_tkn\">\u00e1mbito\u00a0<\/span><span class=\"gs_tkn\">espiritual:<\/span><\/p>\n<div class=\"gs_p\">\n<p><a class=\"gs_mdlink\" tabindex=\"0\" href=\"https:\/\/www.bing.com\/ck\/a?!&amp;&amp;p=cd64a4b33d0828482c499fd9f4509a59cd3f622acd3075756e22e158d5005d7cJmltdHM9MTc2Njg4MDAwMA&amp;ptn=3&amp;ver=2&amp;hsh=4&amp;fclid=0f322afd-ed61-6e2a-33bd-3f68ecc46f40&amp;u=a1aHR0cHM6Ly9tYWdpY2thbHNwb3QuY29tL2VzL2FjYWNpYS8&amp;ntb=1\" target=\"_blank\" rel=\"noopener\"><span class=\"gs_cit_txt\" tabindex=\"-1\" data-sups=\"1\" data-hover-id=\"1\"><strong><span class=\"gs_tkn\">Protecci\u00f3n<\/span><\/strong><span class=\"gs_tkn\">:\u00a0<\/span><span class=\"gs_tkn\">Se\u00a0<\/span><span class=\"gs_tkn\">utilizan\u00a0<\/span><span class=\"gs_tkn\">para\u00a0<\/span><span class=\"gs_tkn\">proteger\u00a0<\/span><span class=\"gs_tkn\">espacios\u00a0<\/span><span class=\"gs_tkn\">y\u00a0<\/span><span class=\"gs_tkn\">personas\u00a0<\/span><span class=\"gs_tkn\">de\u00a0<\/span><span class=\"gs_tkn\">energ\u00edas\u00a0<\/span><span class=\"gs_tkn\">negativas.\u00a0<\/span><\/span><\/a><\/p>\n<div class=\"gs_tkn gs_sup_cit gs_sup_cit1\" tabindex=\"0\" data-priority=\"2\" data-hover-id=\"1\">\n<div class=\"gs_sm_cit\" tabindex=\"-1\" role=\"button\" aria-label=\"1 citation\">\n<div class=\"gs_sm_cit_dom\" data-friendly-url=\"magickalspot.com\" data-sups=\"1\"><a class=\"gs_mdlink\" tabindex=\"0\" href=\"https:\/\/www.bing.com\/ck\/a?!&amp;&amp;p=cd64a4b33d0828482c499fd9f4509a59cd3f622acd3075756e22e158d5005d7cJmltdHM9MTc2Njg4MDAwMA&amp;ptn=3&amp;ver=2&amp;hsh=4&amp;fclid=0f322afd-ed61-6e2a-33bd-3f68ecc46f40&amp;u=a1aHR0cHM6Ly9tYWdpY2thbHNwb3QuY29tL2VzL2FjYWNpYS8&amp;ntb=1\" target=\"_blank\" rel=\"noopener\"><span class=\"gs_cit_txt\" tabindex=\"-1\" data-sups=\"1\" data-hover-id=\"2\"><strong><span class=\"gs_tkn\">Amor<\/span><\/strong><span class=\"gs_tkn\">:\u00a0<\/span><span class=\"gs_tkn\">Atraen\u00a0<\/span><span class=\"gs_tkn\">el\u00a0<\/span><span class=\"gs_tkn\">amor\u00a0<\/span><span class=\"gs_tkn\">verdadero\u00a0<\/span><span class=\"gs_tkn\">y\u00a0<\/span><span class=\"gs_tkn\">fortalecen\u00a0<\/span><span class=\"gs_tkn\">las\u00a0<\/span><span class=\"gs_tkn\">relaciones.\u00a0<\/span><\/span><\/a><\/div>\n<\/div>\n<\/div>\n<div class=\"gs_tkn gs_sup_cit gs_sup_cit1\" tabindex=\"0\" data-priority=\"2\" data-hover-id=\"2\"><\/div>\n<p><a class=\"gs_mdlink\" tabindex=\"0\" href=\"https:\/\/www.bing.com\/ck\/a?!&amp;&amp;p=cd64a4b33d0828482c499fd9f4509a59cd3f622acd3075756e22e158d5005d7cJmltdHM9MTc2Njg4MDAwMA&amp;ptn=3&amp;ver=2&amp;hsh=4&amp;fclid=0f322afd-ed61-6e2a-33bd-3f68ecc46f40&amp;u=a1aHR0cHM6Ly9tYWdpY2thbHNwb3QuY29tL2VzL2FjYWNpYS8&amp;ntb=1\" target=\"_blank\" rel=\"noopener\"><span class=\"gs_cit_txt\" tabindex=\"-1\" data-sups=\"1\" data-hover-id=\"3\"><strong><span class=\"gs_tkn\">Sabidur\u00eda<\/span><\/strong><span class=\"gs_tkn\">:\u00a0<\/span><span class=\"gs_tkn\">Ayudan\u00a0<\/span><span class=\"gs_tkn\">a\u00a0<\/span><span class=\"gs_tkn\">aquellos\u00a0<\/span><span class=\"gs_tkn\">que\u00a0<\/span><span class=\"gs_tkn\">buscan\u00a0<\/span><span class=\"gs_tkn\">respuestas\u00a0<\/span><span class=\"gs_tkn\">y\u00a0<\/span><span class=\"gs_tkn\">conocimiento<\/span><\/span><\/a><\/p>\n<div class=\"gs_tkn gs_sup_cit gs_sup_cit1\" tabindex=\"0\" data-priority=\"2\" data-hover-id=\"3\"><\/div>\n<p><a class=\"gs_mdlink\" tabindex=\"0\" href=\"https:\/\/www.bing.com\/ck\/a?!&amp;&amp;p=cd64a4b33d0828482c499fd9f4509a59cd3f622acd3075756e22e158d5005d7cJmltdHM9MTc2Njg4MDAwMA&amp;ptn=3&amp;ver=2&amp;hsh=4&amp;fclid=0f322afd-ed61-6e2a-33bd-3f68ecc46f40&amp;u=a1aHR0cHM6Ly9tYWdpY2thbHNwb3QuY29tL2VzL2FjYWNpYS8&amp;ntb=1\" target=\"_blank\" rel=\"noopener\"><span class=\"gs_cit_txt\" tabindex=\"-1\" data-sups=\"1\" data-hover-id=\"4\"><strong><span class=\"gs_tkn\">Purificaci\u00f3n<\/span><\/strong><span class=\"gs_tkn\">:\u00a0<\/span><span class=\"gs_tkn\">Se\u00a0<\/span><span class=\"gs_tkn\">emplean\u00a0<\/span><span class=\"gs_tkn\">para\u00a0<\/span><span class=\"gs_tkn\">limpiar\u00a0<\/span><span class=\"gs_tkn\">espacios\u00a0<\/span><span class=\"gs_tkn\">y\u00a0<\/span><span class=\"gs_tkn\">objetos\u00a0<\/span><span class=\"gs_tkn\">de\u00a0<\/span><span class=\"gs_tkn\">malas\u00a0<\/span><span class=\"gs_tkn\">vibras<\/span><\/span><\/a><\/p>\n<div class=\"gs_tkn gs_sup_cit gs_sup_cit1\" tabindex=\"0\" data-priority=\"2\" data-hover-id=\"4\">\n<div class=\"gs_sm_cit\" tabindex=\"-1\" role=\"button\" aria-label=\"1 citation\">\n<div class=\"gs_sm_cit_dom\" data-friendly-url=\"magickalspot.com\" data-sups=\"1\"><a class=\"gs_mdlink\" tabindex=\"0\" href=\"https:\/\/www.bing.com\/ck\/a?!&amp;&amp;p=cd64a4b33d0828482c499fd9f4509a59cd3f622acd3075756e22e158d5005d7cJmltdHM9MTc2Njg4MDAwMA&amp;ptn=3&amp;ver=2&amp;hsh=4&amp;fclid=0f322afd-ed61-6e2a-33bd-3f68ecc46f40&amp;u=a1aHR0cHM6Ly9tYWdpY2thbHNwb3QuY29tL2VzL2FjYWNpYS8&amp;ntb=1\" target=\"_blank\" rel=\"noopener\"><span class=\"gs_cit_txt\" tabindex=\"-1\" data-sups=\"1\" data-hover-id=\"5\"><strong><span class=\"gs_tkn\">Fertilidad<\/span><\/strong><span class=\"gs_tkn\">:\u00a0<\/span><span class=\"gs_tkn\">Se\u00a0<\/span><span class=\"gs_tkn\">asocian\u00a0<\/span><span class=\"gs_tkn\">con\u00a0<\/span><span class=\"gs_tkn\">la\u00a0<\/span><span class=\"gs_tkn\">fertilidad\u00a0<\/span><span class=\"gs_tkn\">y\u00a0<\/span><span class=\"gs_tkn\">el\u00a0<\/span><span class=\"gs_tkn\">crecimiento,\u00a0<\/span><span class=\"gs_tkn\">tanto\u00a0<\/span><span class=\"gs_tkn\">f\u00edsico\u00a0<\/span><span class=\"gs_tkn\">como\u00a0<\/span><span class=\"gs_tkn\">espiritual.\u00a0<\/span><\/span><\/a><\/div>\n<\/div>\n<\/div>\n<div class=\"gs_tkn gs_sup_cit gs_sup_cit1\" tabindex=\"0\" data-priority=\"2\" data-hover-id=\"5\"><\/div>\n<p><a class=\"gs_mdlink\" tabindex=\"0\" href=\"https:\/\/www.bing.com\/ck\/a?!&amp;&amp;p=db6aa7d7287b0393984ea275df241dd9b1f89bf1e53c08b576752579e394b01fJmltdHM9MTc2Njg4MDAwMA&amp;ptn=3&amp;ver=2&amp;hsh=4&amp;fclid=0f322afd-ed61-6e2a-33bd-3f68ecc46f40&amp;u=a1aHR0cHM6Ly9lcy5hbWUtanVtZWxsZS5jb20vc2lnbmlmaWNhZG8tZXNwaXJpdHVhbC9hY2FjaWEtc2lnbmlmaWNhZG8tZXNwaXJpdHVhbC8&amp;ntb=1\" target=\"_blank\" rel=\"noopener\"><span class=\"gs_cit_txt\" tabindex=\"-1\" data-sups=\"2,1\" data-hover-id=\"6\"><br \/>\n<span class=\"gs_tkn\">Estas\u00a0<\/span><span class=\"gs_tkn\">propiedades\u00a0<\/span><span class=\"gs_tkn\">hacen\u00a0<\/span><span class=\"gs_tkn\">de\u00a0<\/span><span class=\"gs_tkn\">las\u00a0<\/span><span class=\"gs_tkn\">hojas\u00a0<\/span><span class=\"gs_tkn\">de\u00a0<\/span><span class=\"gs_tkn\">acacia\u00a0<\/span><span class=\"gs_tkn\">un\u00a0<\/span><span class=\"gs_tkn\">recurso\u00a0<\/span><span class=\"gs_tkn\">valioso\u00a0<\/span><span class=\"gs_tkn\">en\u00a0<\/span><span class=\"gs_tkn\">la\u00a0<\/span><span class=\"gs_tkn\">pr\u00e1ctica\u00a0<\/span><span class=\"gs_tkn\">de\u00a0<\/span><span class=\"gs_tkn\">la\u00a0<\/span><span class=\"gs_tkn\">magia\u00a0<\/span><span class=\"gs_tkn\">blanca\u00a0<\/span><span class=\"gs_tkn\">y\u00a0<\/span><span class=\"gs_tkn\">en\u00a0<\/span><span class=\"gs_tkn\">rituales\u00a0<\/span><span class=\"gs_tkn\">de\u00a0<\/span><span class=\"gs_tkn\">purificaci\u00f3n\u00a0<\/span><span class=\"gs_tkn\">y\u00a0<\/span><span class=\"gs_tkn\">protecci\u00f3n.<\/span><\/span><\/a><\/p>\n<\/div>\n","protected":false},"excerpt":{"rendered":"<p>Delicado collar de plata 950 con hoja de Acacia Acompa\u00f1ado de una Ra\u00edz de Rub\u00ed Natural Hecho a Mano por orfebres chilenos. Se personaliza Largo 43 CM Tama\u00f1o hoja de 3 X 1,5 CM Peso 4,4 gramos Env\u00edos a todo Chile o puede visitarnos en nuestras oficinas ubicadas en Providencia previa cita al +56992201582 Sabias [&hellip;]<\/p>\n","protected":false},"featured_media":1827,"template":"","meta":{"pagelayer_contact_templates":[],"_pagelayer_content":""},"product_brand":[],"product_cat":[50,17],"product_tag":[],"class_list":{"0":"post-1826","1":"product","2":"type-product","3":"status-publish","4":"has-post-thumbnail","6":"product_cat-collaresdeplata","7":"product_cat-joyasdeplata","9":"first","10":"instock","11":"shipping-taxable","12":"purchasable","13":"product-type-simple"},"_links":{"self":[{"href":"https:\/\/joyasnehgne.cl\/wp3\/wp-json\/wp\/v2\/product\/1826","targetHints":{"allow":["GET"]}}],"collection":[{"href":"https:\/\/joyasnehgne.cl\/wp3\/wp-json\/wp\/v2\/product"}],"about":[{"href":"https:\/\/joyasnehgne.cl\/wp3\/wp-json\/wp\/v2\/types\/product"}],"wp:featuredmedia":[{"embeddable":true,"href":"https:\/\/joyasnehgne.cl\/wp3\/wp-json\/wp\/v2\/media\/1827"}],"wp:attachment":[{"href":"https:\/\/joyasnehgne.cl\/wp3\/wp-json\/wp\/v2\/media?parent=1826"}],"wp:term":[{"taxonomy":"product_brand","embeddable":true,"href":"https:\/\/joyasnehgne.cl\/wp3\/wp-json\/wp\/v2\/product_brand?post=1826"},{"taxonomy":"product_cat","embeddable":true,"href":"https:\/\/joyasnehgne.cl\/wp3\/wp-json\/wp\/v2\/product_cat?post=1826"},{"taxonomy":"product_tag","embeddable":true,"href":"https:\/\/joyasnehgne.cl\/wp3\/wp-json\/wp\/v2\/product_tag?post=1826"}],"curies":[{"name":"wp","href":"https:\/\/api.w.org\/{rel}","templated":true}]}}