{"id":1807,"date":"2025-12-17T17:33:54","date_gmt":"2025-12-17T17:33:54","guid":{"rendered":"https:\/\/joyasnehgne.cl\/wp3\/?post_type=product&#038;p=1807"},"modified":"2026-01-25T23:13:47","modified_gmt":"2026-01-25T23:13:47","slug":"collar-punto-de-luz-cccp209","status":"publish","type":"product","link":"https:\/\/joyasnehgne.cl\/wp3\/product\/collar-punto-de-luz-cccp209\/","title":{"rendered":"COLLAR PUNTO DE LUZ CCCP209"},"content":{"rendered":"<p>Delicado Collar modelo punto de luz esmeralda<\/p>\n<p>De plata 950 y Circ\u00f3n verde<\/p>\n<p>Largo 45 CM,<\/p>\n<p>Tama\u00f1o colgante 7 MM de di\u00e1metro aproximado<\/p>\n<p>Tama\u00f1o piedra 6MM de di\u00e1metros<\/p>\n<p>Cadena modelo hecha a mano 950<\/p>\n<p>Env\u00edos a todo Chile o puedes visitarnos en Providencia previa cita al +56992201582<\/p>\n","protected":false},"excerpt":{"rendered":"<p>Delicado Collar modelo punto de luz esmeralda De plata 950 y Circ\u00f3n verde Largo 45 CM, Tama\u00f1o colgante 7 MM de di\u00e1metro aproximado Tama\u00f1o piedra 6MM de di\u00e1metros Cadena modelo hecha a mano 950 Env\u00edos a todo Chile o puedes visitarnos en Providencia previa cita al +56992201582<\/p>\n","protected":false},"featured_media":1812,"template":"","meta":{"pagelayer_contact_templates":[],"_pagelayer_content":""},"product_brand":[],"product_cat":[50,17],"product_tag":[],"class_list":{"0":"post-1807","1":"product","2":"type-product","3":"status-publish","4":"has-post-thumbnail","6":"product_cat-collaresdeplata","7":"product_cat-joyasdeplata","9":"first","10":"instock","11":"shipping-taxable","12":"purchasable","13":"product-type-simple"},"_links":{"self":[{"href":"https:\/\/joyasnehgne.cl\/wp3\/wp-json\/wp\/v2\/product\/1807","targetHints":{"allow":["GET"]}}],"collection":[{"href":"https:\/\/joyasnehgne.cl\/wp3\/wp-json\/wp\/v2\/product"}],"about":[{"href":"https:\/\/joyasnehgne.cl\/wp3\/wp-json\/wp\/v2\/types\/product"}],"wp:featuredmedia":[{"embeddable":true,"href":"https:\/\/joyasnehgne.cl\/wp3\/wp-json\/wp\/v2\/media\/1812"}],"wp:attachment":[{"href":"https:\/\/joyasnehgne.cl\/wp3\/wp-json\/wp\/v2\/media?parent=1807"}],"wp:term":[{"taxonomy":"product_brand","embeddable":true,"href":"https:\/\/joyasnehgne.cl\/wp3\/wp-json\/wp\/v2\/product_brand?post=1807"},{"taxonomy":"product_cat","embeddable":true,"href":"https:\/\/joyasnehgne.cl\/wp3\/wp-json\/wp\/v2\/product_cat?post=1807"},{"taxonomy":"product_tag","embeddable":true,"href":"https:\/\/joyasnehgne.cl\/wp3\/wp-json\/wp\/v2\/product_tag?post=1807"}],"curies":[{"name":"wp","href":"https:\/\/api.w.org\/{rel}","templated":true}]}}