{"id":1793,"date":"2025-12-17T14:59:19","date_gmt":"2025-12-17T14:59:19","guid":{"rendered":"https:\/\/joyasnehgne.cl\/wp3\/?post_type=product&#038;p=1793"},"modified":"2026-05-08T00:14:57","modified_gmt":"2026-05-08T00:14:57","slug":"collar-punto-luz-cccp207","status":"publish","type":"product","link":"https:\/\/joyasnehgne.cl\/wp3\/product\/collar-punto-luz-cccp207\/","title":{"rendered":"COLLAR PUNTO LUZ CCCP207"},"content":{"rendered":"<p>Delicado Collar modelo punto Luz M\u00f3naco<\/p>\n<p>De plata 925 y Circ\u00f3n con ba\u00f1o de rodio<\/p>\n<p>Largo 40 CM, incluye cadena para ajustar hasta los 43 CM<\/p>\n<p>Tama\u00f1o colgante 8 MM de di\u00e1metro aproximado<\/p>\n<p>Tama\u00f1o piedra 5MM de di\u00e1metros<\/p>\n<p>Cadena veneciana<\/p>\n<p>Env\u00edos a todo Chile o puedes visitarnos en Providencia previa cita al +56992201582<\/p>\n","protected":false},"excerpt":{"rendered":"<p>Delicado Collar modelo punto Luz M\u00f3naco De plata 925 y Circ\u00f3n con ba\u00f1o de rodio Largo 40 CM, incluye cadena para ajustar hasta los 43 CM Tama\u00f1o colgante 8 MM de di\u00e1metro aproximado Tama\u00f1o piedra 5MM de di\u00e1metros Cadena veneciana Env\u00edos a todo Chile o puedes visitarnos en Providencia previa cita al +56992201582<\/p>\n","protected":false},"featured_media":1797,"template":"","meta":{"pagelayer_contact_templates":[],"_pagelayer_content":""},"product_brand":[],"product_cat":[50,17],"product_tag":[],"class_list":{"0":"post-1793","1":"product","2":"type-product","3":"status-publish","4":"has-post-thumbnail","6":"product_cat-collaresdeplata","7":"product_cat-joyasdeplata","9":"first","10":"outofstock","11":"shipping-taxable","12":"purchasable","13":"product-type-simple"},"_links":{"self":[{"href":"https:\/\/joyasnehgne.cl\/wp3\/wp-json\/wp\/v2\/product\/1793","targetHints":{"allow":["GET"]}}],"collection":[{"href":"https:\/\/joyasnehgne.cl\/wp3\/wp-json\/wp\/v2\/product"}],"about":[{"href":"https:\/\/joyasnehgne.cl\/wp3\/wp-json\/wp\/v2\/types\/product"}],"wp:featuredmedia":[{"embeddable":true,"href":"https:\/\/joyasnehgne.cl\/wp3\/wp-json\/wp\/v2\/media\/1797"}],"wp:attachment":[{"href":"https:\/\/joyasnehgne.cl\/wp3\/wp-json\/wp\/v2\/media?parent=1793"}],"wp:term":[{"taxonomy":"product_brand","embeddable":true,"href":"https:\/\/joyasnehgne.cl\/wp3\/wp-json\/wp\/v2\/product_brand?post=1793"},{"taxonomy":"product_cat","embeddable":true,"href":"https:\/\/joyasnehgne.cl\/wp3\/wp-json\/wp\/v2\/product_cat?post=1793"},{"taxonomy":"product_tag","embeddable":true,"href":"https:\/\/joyasnehgne.cl\/wp3\/wp-json\/wp\/v2\/product_tag?post=1793"}],"curies":[{"name":"wp","href":"https:\/\/api.w.org\/{rel}","templated":true}]}}