{"id":1763,"date":"2025-12-07T15:24:25","date_gmt":"2025-12-07T15:24:25","guid":{"rendered":"https:\/\/joyasnehgne.cl\/wp3\/?post_type=product&#038;p=1763"},"modified":"2025-12-07T15:24:32","modified_gmt":"2025-12-07T15:24:32","slug":"collar-de-plata-cccp204","status":"publish","type":"product","link":"https:\/\/joyasnehgne.cl\/wp3\/product\/collar-de-plata-cccp204\/","title":{"rendered":"COLLAR DE PLATA CCCP204"},"content":{"rendered":"<p>Collar de plata\u00a0 950y aplicaci\u00f3n de oro 18k macizo<\/p>\n<p>Hecho a mano por orfebres Chilenas<\/p>\n<p>Este collar lo puedes personalizar<\/p>\n<p>Tiempo de hechura 7 d\u00edas corridos.<\/p>\n<p>largo cadena 60 CM<\/p>\n<p>peso total collar 41,5 gramos<\/p>\n<p>Env\u00edos a todo Chile o puedes retirar en nuestro Showroom ubicado en Providencia, previa cita al +56992201582<\/p>\n","protected":false},"excerpt":{"rendered":"<p>Collar de plata\u00a0 950y aplicaci\u00f3n de oro 18k macizo Hecho a mano por orfebres Chilenas Este collar lo puedes personalizar Tiempo de hechura 7 d\u00edas corridos. largo cadena 60 CM peso total collar 41,5 gramos Env\u00edos a todo Chile o puedes retirar en nuestro Showroom ubicado en Providencia, previa cita al +56992201582<\/p>\n","protected":false},"featured_media":1764,"template":"","meta":{"pagelayer_contact_templates":[],"_pagelayer_content":""},"product_brand":[],"product_cat":[50,17],"product_tag":[],"class_list":{"0":"post-1763","1":"product","2":"type-product","3":"status-publish","4":"has-post-thumbnail","6":"product_cat-collaresdeplata","7":"product_cat-joyasdeplata","9":"first","10":"instock","11":"shipping-taxable","12":"purchasable","13":"product-type-simple"},"_links":{"self":[{"href":"https:\/\/joyasnehgne.cl\/wp3\/wp-json\/wp\/v2\/product\/1763","targetHints":{"allow":["GET"]}}],"collection":[{"href":"https:\/\/joyasnehgne.cl\/wp3\/wp-json\/wp\/v2\/product"}],"about":[{"href":"https:\/\/joyasnehgne.cl\/wp3\/wp-json\/wp\/v2\/types\/product"}],"wp:featuredmedia":[{"embeddable":true,"href":"https:\/\/joyasnehgne.cl\/wp3\/wp-json\/wp\/v2\/media\/1764"}],"wp:attachment":[{"href":"https:\/\/joyasnehgne.cl\/wp3\/wp-json\/wp\/v2\/media?parent=1763"}],"wp:term":[{"taxonomy":"product_brand","embeddable":true,"href":"https:\/\/joyasnehgne.cl\/wp3\/wp-json\/wp\/v2\/product_brand?post=1763"},{"taxonomy":"product_cat","embeddable":true,"href":"https:\/\/joyasnehgne.cl\/wp3\/wp-json\/wp\/v2\/product_cat?post=1763"},{"taxonomy":"product_tag","embeddable":true,"href":"https:\/\/joyasnehgne.cl\/wp3\/wp-json\/wp\/v2\/product_tag?post=1763"}],"curies":[{"name":"wp","href":"https:\/\/api.w.org\/{rel}","templated":true}]}}