{"id":1731,"date":"2025-11-14T18:55:17","date_gmt":"2025-11-14T18:55:17","guid":{"rendered":"https:\/\/joyasnehgne.cl\/wp3\/?post_type=product&#038;p=1731"},"modified":"2026-03-04T17:37:15","modified_gmt":"2026-03-04T17:37:15","slug":"aros-de-oro-18kt-co048b","status":"publish","type":"product","link":"https:\/\/joyasnehgne.cl\/wp3\/product\/aros-de-oro-18kt-co048b\/","title":{"rendered":"AROS DE ORO 18KT CO048B"},"content":{"rendered":"<p>Hermosos aros de oro blanco y amarillo 18 kt<\/p>\n<p>Modelo Margaritas<\/p>\n<p>Procedencia Italiana<\/p>\n<p>Peso 1,01 gramos<\/p>\n<p>Tama\u00f1o flor 10MM<\/p>\n<p>Tuerca mariposa a presi\u00f3n<\/p>\n<p>Env\u00edos a todo Chile o puedes visitarnos en Providencia, previa cita al +56992201582<\/p>\n","protected":false},"excerpt":{"rendered":"<p>Hermosos aros de oro blanco y amarillo 18 kt Modelo Margaritas Procedencia Italiana Peso 1,01 gramos Tama\u00f1o flor 10MM Tuerca mariposa a presi\u00f3n Env\u00edos a todo Chile o puedes visitarnos en Providencia, previa cita al +56992201582<\/p>\n","protected":false},"featured_media":1732,"template":"","meta":{"pagelayer_contact_templates":[],"_pagelayer_content":""},"product_brand":[],"product_cat":[31,24],"product_tag":[],"class_list":{"0":"post-1731","1":"product","2":"type-product","3":"status-publish","4":"has-post-thumbnail","6":"product_cat-arosdeoro","7":"product_cat-joyasdeoro","9":"first","10":"instock","11":"shipping-taxable","12":"purchasable","13":"product-type-simple"},"_links":{"self":[{"href":"https:\/\/joyasnehgne.cl\/wp3\/wp-json\/wp\/v2\/product\/1731","targetHints":{"allow":["GET"]}}],"collection":[{"href":"https:\/\/joyasnehgne.cl\/wp3\/wp-json\/wp\/v2\/product"}],"about":[{"href":"https:\/\/joyasnehgne.cl\/wp3\/wp-json\/wp\/v2\/types\/product"}],"wp:featuredmedia":[{"embeddable":true,"href":"https:\/\/joyasnehgne.cl\/wp3\/wp-json\/wp\/v2\/media\/1732"}],"wp:attachment":[{"href":"https:\/\/joyasnehgne.cl\/wp3\/wp-json\/wp\/v2\/media?parent=1731"}],"wp:term":[{"taxonomy":"product_brand","embeddable":true,"href":"https:\/\/joyasnehgne.cl\/wp3\/wp-json\/wp\/v2\/product_brand?post=1731"},{"taxonomy":"product_cat","embeddable":true,"href":"https:\/\/joyasnehgne.cl\/wp3\/wp-json\/wp\/v2\/product_cat?post=1731"},{"taxonomy":"product_tag","embeddable":true,"href":"https:\/\/joyasnehgne.cl\/wp3\/wp-json\/wp\/v2\/product_tag?post=1731"}],"curies":[{"name":"wp","href":"https:\/\/api.w.org\/{rel}","templated":true}]}}