{"id":1687,"date":"2025-11-11T19:33:41","date_gmt":"2025-11-11T19:33:41","guid":{"rendered":"https:\/\/joyasnehgne.cl\/wp3\/?post_type=product&#038;p=1687"},"modified":"2026-02-20T14:54:28","modified_gmt":"2026-02-20T14:54:28","slug":"aros-oro-18kt-co027","status":"publish","type":"product","link":"https:\/\/joyasnehgne.cl\/wp3\/product\/aros-oro-18kt-co027\/","title":{"rendered":"AROS ORO 18kt CO027"},"content":{"rendered":"<p>Incre\u00edbles aros de oro 18kt macizos, forjados a mano, por orfebres chilenas<\/p>\n<p>Lucir\u00e1s donde quieres que vayas con estos hermosos aros<\/p>\n<p>Modelo minimalista<\/p>\n<p>Tuercas mariposa a presi\u00f3n<\/p>\n<p>Tama\u00f1o 4 CM de largo x un ancho de la parte inferior de 9 MM<\/p>\n<p>Peso aproximado 4,4 gramos<\/p>\n<p>Env\u00edos a todo Chile o puede visitarnos en nuestras oficinas ubicadas en el corazon de Providencia, previa cita al +56992201582<\/p>\n","protected":false},"excerpt":{"rendered":"<p>Incre\u00edbles aros de oro 18kt macizos, forjados a mano, por orfebres chilenas Lucir\u00e1s donde quieres que vayas con estos hermosos aros Modelo minimalista Tuercas mariposa a presi\u00f3n Tama\u00f1o 4 CM de largo x un ancho de la parte inferior de 9 MM Peso aproximado 4,4 gramos Env\u00edos a todo Chile o puede visitarnos en nuestras [&hellip;]<\/p>\n","protected":false},"featured_media":1688,"template":"","meta":{"pagelayer_contact_templates":[],"_pagelayer_content":""},"product_brand":[],"product_cat":[31,24],"product_tag":[],"class_list":{"0":"post-1687","1":"product","2":"type-product","3":"status-publish","4":"has-post-thumbnail","6":"product_cat-arosdeoro","7":"product_cat-joyasdeoro","9":"first","10":"instock","11":"shipping-taxable","12":"purchasable","13":"product-type-simple"},"_links":{"self":[{"href":"https:\/\/joyasnehgne.cl\/wp3\/wp-json\/wp\/v2\/product\/1687","targetHints":{"allow":["GET"]}}],"collection":[{"href":"https:\/\/joyasnehgne.cl\/wp3\/wp-json\/wp\/v2\/product"}],"about":[{"href":"https:\/\/joyasnehgne.cl\/wp3\/wp-json\/wp\/v2\/types\/product"}],"wp:featuredmedia":[{"embeddable":true,"href":"https:\/\/joyasnehgne.cl\/wp3\/wp-json\/wp\/v2\/media\/1688"}],"wp:attachment":[{"href":"https:\/\/joyasnehgne.cl\/wp3\/wp-json\/wp\/v2\/media?parent=1687"}],"wp:term":[{"taxonomy":"product_brand","embeddable":true,"href":"https:\/\/joyasnehgne.cl\/wp3\/wp-json\/wp\/v2\/product_brand?post=1687"},{"taxonomy":"product_cat","embeddable":true,"href":"https:\/\/joyasnehgne.cl\/wp3\/wp-json\/wp\/v2\/product_cat?post=1687"},{"taxonomy":"product_tag","embeddable":true,"href":"https:\/\/joyasnehgne.cl\/wp3\/wp-json\/wp\/v2\/product_tag?post=1687"}],"curies":[{"name":"wp","href":"https:\/\/api.w.org\/{rel}","templated":true}]}}