{"id":1677,"date":"2025-11-11T18:18:00","date_gmt":"2025-11-11T18:18:00","guid":{"rendered":"https:\/\/joyasnehgne.cl\/wp3\/?post_type=product&#038;p=1677"},"modified":"2026-03-04T18:01:32","modified_gmt":"2026-03-04T18:01:32","slug":"aros-de-oro-18kt-y-perlas-cultivadas","status":"publish","type":"product","link":"https:\/\/joyasnehgne.cl\/wp3\/product\/aros-de-oro-18kt-y-perlas-cultivadas\/","title":{"rendered":"AROS DE ORO 18KT Y PERLAS CULTIVADAS CO019"},"content":{"rendered":"<p>Elegantes aros de oro 18kt y unas delicadas perlas cultivadas que te har\u00e1n lucir muy sofisticada<\/p>\n<p>Hechos a manos, por orfebres chilenos<\/p>\n<p>Tama\u00f1o de la perla cultivada 6MM de di\u00e1metro<\/p>\n<p>Tuercas mariposa atornilladas para mayor seguridad<\/p>\n<p>Modelo casquillo payaso<\/p>\n<p>Peso 2,47 gramos aproximados<\/p>\n<p>Enviamos a todo Chile o puedes visitarnos en nuestras oficinas ubicadas en el coraz\u00f3n de providencia, previa cita al +56992201582<\/p>\n","protected":false},"excerpt":{"rendered":"<p>Elegantes aros de oro 18kt y unas delicadas perlas cultivadas que te har\u00e1n lucir muy sofisticada Hechos a manos, por orfebres chilenos Tama\u00f1o de la perla cultivada 6MM de di\u00e1metro Tuercas mariposa atornilladas para mayor seguridad Modelo casquillo payaso Peso 2,47 gramos aproximados Enviamos a todo Chile o puedes visitarnos en nuestras oficinas ubicadas en [&hellip;]<\/p>\n","protected":false},"featured_media":1678,"template":"","meta":{"pagelayer_contact_templates":[],"_pagelayer_content":""},"product_brand":[],"product_cat":[31,24],"product_tag":[],"class_list":{"0":"post-1677","1":"product","2":"type-product","3":"status-publish","4":"has-post-thumbnail","6":"product_cat-arosdeoro","7":"product_cat-joyasdeoro","9":"first","10":"instock","11":"shipping-taxable","12":"purchasable","13":"product-type-simple"},"_links":{"self":[{"href":"https:\/\/joyasnehgne.cl\/wp3\/wp-json\/wp\/v2\/product\/1677","targetHints":{"allow":["GET"]}}],"collection":[{"href":"https:\/\/joyasnehgne.cl\/wp3\/wp-json\/wp\/v2\/product"}],"about":[{"href":"https:\/\/joyasnehgne.cl\/wp3\/wp-json\/wp\/v2\/types\/product"}],"wp:featuredmedia":[{"embeddable":true,"href":"https:\/\/joyasnehgne.cl\/wp3\/wp-json\/wp\/v2\/media\/1678"}],"wp:attachment":[{"href":"https:\/\/joyasnehgne.cl\/wp3\/wp-json\/wp\/v2\/media?parent=1677"}],"wp:term":[{"taxonomy":"product_brand","embeddable":true,"href":"https:\/\/joyasnehgne.cl\/wp3\/wp-json\/wp\/v2\/product_brand?post=1677"},{"taxonomy":"product_cat","embeddable":true,"href":"https:\/\/joyasnehgne.cl\/wp3\/wp-json\/wp\/v2\/product_cat?post=1677"},{"taxonomy":"product_tag","embeddable":true,"href":"https:\/\/joyasnehgne.cl\/wp3\/wp-json\/wp\/v2\/product_tag?post=1677"}],"curies":[{"name":"wp","href":"https:\/\/api.w.org\/{rel}","templated":true}]}}