{"id":1611,"date":"2025-11-07T16:45:11","date_gmt":"2025-11-07T16:45:11","guid":{"rendered":"https:\/\/joyasnehgne.cl\/wp3\/?post_type=product&#038;p=1611"},"modified":"2025-11-07T16:45:11","modified_gmt":"2025-11-07T16:45:11","slug":"collar-de-oro-18-kilates-ccdo42","status":"publish","type":"product","link":"https:\/\/joyasnehgne.cl\/wp3\/product\/collar-de-oro-18-kilates-ccdo42\/","title":{"rendered":"COLLAR DE ORO 18 KILATES CCDO42"},"content":{"rendered":"<p>Collar de oro 18 kilates con Granates naturales<\/p>\n<p>Hecho a mano por orfebres chilenos<\/p>\n<p>Cadena modelo rolo peque\u00f1o<\/p>\n<p>Luce la elegancia de lo autentico<\/p>\n<p>Este exquisito collar doble presenta dos Granates naturales con un intenso brillo rojo enmarcado en oro de 18kilates.<\/p>\n<p>Cada pieza es elaborada cuidadosamente por talentosos orfebres Chilenos, logrando un dise\u00f1o finamente equilibrado entre tradici\u00f3n y sofisticaci\u00f3n<\/p>\n<p>Peso 7,3gramos aproximados<\/p>\n<p>Largo 45 CM<\/p>\n<p>Env\u00edos a todo Chile o nos Puedes visitar en nuestras oficinas ubicadas en Providencia, previa cita al +56992201582<\/p>\n","protected":false},"excerpt":{"rendered":"<p>Collar de oro 18 kilates con Granates naturales Hecho a mano por orfebres chilenos Cadena modelo rolo peque\u00f1o Luce la elegancia de lo autentico Este exquisito collar doble presenta dos Granates naturales con un intenso brillo rojo enmarcado en oro de 18kilates. Cada pieza es elaborada cuidadosamente por talentosos orfebres Chilenos, logrando un dise\u00f1o finamente [&hellip;]<\/p>\n","protected":false},"featured_media":1612,"template":"","meta":{"pagelayer_contact_templates":[],"_pagelayer_content":""},"product_brand":[],"product_cat":[27,24],"product_tag":[],"class_list":{"0":"post-1611","1":"product","2":"type-product","3":"status-publish","4":"has-post-thumbnail","6":"product_cat-collaresdeoro","7":"product_cat-joyasdeoro","9":"first","10":"instock","11":"shipping-taxable","12":"purchasable","13":"product-type-simple"},"_links":{"self":[{"href":"https:\/\/joyasnehgne.cl\/wp3\/wp-json\/wp\/v2\/product\/1611","targetHints":{"allow":["GET"]}}],"collection":[{"href":"https:\/\/joyasnehgne.cl\/wp3\/wp-json\/wp\/v2\/product"}],"about":[{"href":"https:\/\/joyasnehgne.cl\/wp3\/wp-json\/wp\/v2\/types\/product"}],"wp:featuredmedia":[{"embeddable":true,"href":"https:\/\/joyasnehgne.cl\/wp3\/wp-json\/wp\/v2\/media\/1612"}],"wp:attachment":[{"href":"https:\/\/joyasnehgne.cl\/wp3\/wp-json\/wp\/v2\/media?parent=1611"}],"wp:term":[{"taxonomy":"product_brand","embeddable":true,"href":"https:\/\/joyasnehgne.cl\/wp3\/wp-json\/wp\/v2\/product_brand?post=1611"},{"taxonomy":"product_cat","embeddable":true,"href":"https:\/\/joyasnehgne.cl\/wp3\/wp-json\/wp\/v2\/product_cat?post=1611"},{"taxonomy":"product_tag","embeddable":true,"href":"https:\/\/joyasnehgne.cl\/wp3\/wp-json\/wp\/v2\/product_tag?post=1611"}],"curies":[{"name":"wp","href":"https:\/\/api.w.org\/{rel}","templated":true}]}}