{"id":1607,"date":"2025-11-07T15:50:21","date_gmt":"2025-11-07T15:50:21","guid":{"rendered":"https:\/\/joyasnehgne.cl\/wp3\/?post_type=product&#038;p=1607"},"modified":"2026-02-20T14:47:23","modified_gmt":"2026-02-20T14:47:23","slug":"collar-de-oro-de-18kilates-ccd040","status":"publish","type":"product","link":"https:\/\/joyasnehgne.cl\/wp3\/product\/collar-de-oro-de-18kilates-ccd040\/","title":{"rendered":"COLLAR DE ORO DE 18KILATES CCD040"},"content":{"rendered":"<p>Collar exclusivo de oro de 18Kilates con Ra\u00edz de Rub\u00ed naturales<\/p>\n<p>Elegancia y artesan\u00eda se unen en esta joya unica.<\/p>\n<p>Cada detalle ha sido hecho a mano por orfebres Chilenos, utilizando oro solido\u00a0 de 18 kilates y una fina selecci\u00f3n de ra\u00edz de rubies Naturales, cuidadosamente facetadas<\/p>\n<p>Su dise\u00f1o minimalista realza la belleza natural de las gemas, creando una pieza sofisticada, ideal para ocasiones especiales o uso diario con estilo.<\/p>\n<p>Una joyas para toda la vida.<\/p>\n<p>Env\u00edos a todo Chile o nos puede visitar en nuestras oficinas ubicadas en Providencia, previa cita al +56992201582<\/p>\n<p>Largo 42, ajustable a 45 CM<\/p>\n<p>Peso 4,4 gramos Aproximado.<\/p>\n<p>&#8211;<\/p>\n","protected":false},"excerpt":{"rendered":"<p>Collar exclusivo de oro de 18Kilates con Ra\u00edz de Rub\u00ed naturales Elegancia y artesan\u00eda se unen en esta joya unica. Cada detalle ha sido hecho a mano por orfebres Chilenos, utilizando oro solido\u00a0 de 18 kilates y una fina selecci\u00f3n de ra\u00edz de rubies Naturales, cuidadosamente facetadas Su dise\u00f1o minimalista realza la belleza natural de [&hellip;]<\/p>\n","protected":false},"featured_media":1608,"template":"","meta":{"pagelayer_contact_templates":[],"_pagelayer_content":""},"product_brand":[],"product_cat":[27,24],"product_tag":[],"class_list":{"0":"post-1607","1":"product","2":"type-product","3":"status-publish","4":"has-post-thumbnail","6":"product_cat-collaresdeoro","7":"product_cat-joyasdeoro","9":"first","10":"instock","11":"shipping-taxable","12":"purchasable","13":"product-type-simple"},"_links":{"self":[{"href":"https:\/\/joyasnehgne.cl\/wp3\/wp-json\/wp\/v2\/product\/1607","targetHints":{"allow":["GET"]}}],"collection":[{"href":"https:\/\/joyasnehgne.cl\/wp3\/wp-json\/wp\/v2\/product"}],"about":[{"href":"https:\/\/joyasnehgne.cl\/wp3\/wp-json\/wp\/v2\/types\/product"}],"wp:featuredmedia":[{"embeddable":true,"href":"https:\/\/joyasnehgne.cl\/wp3\/wp-json\/wp\/v2\/media\/1608"}],"wp:attachment":[{"href":"https:\/\/joyasnehgne.cl\/wp3\/wp-json\/wp\/v2\/media?parent=1607"}],"wp:term":[{"taxonomy":"product_brand","embeddable":true,"href":"https:\/\/joyasnehgne.cl\/wp3\/wp-json\/wp\/v2\/product_brand?post=1607"},{"taxonomy":"product_cat","embeddable":true,"href":"https:\/\/joyasnehgne.cl\/wp3\/wp-json\/wp\/v2\/product_cat?post=1607"},{"taxonomy":"product_tag","embeddable":true,"href":"https:\/\/joyasnehgne.cl\/wp3\/wp-json\/wp\/v2\/product_tag?post=1607"}],"curies":[{"name":"wp","href":"https:\/\/api.w.org\/{rel}","templated":true}]}}