{"id":1517,"date":"2025-10-22T22:58:42","date_gmt":"2025-10-22T22:58:42","guid":{"rendered":"https:\/\/joyasnehgne.cl\/wp3\/?post_type=product&#038;p=1517"},"modified":"2026-01-25T23:20:03","modified_gmt":"2026-01-25T23:20:03","slug":"collar-de-plata-cccp203","status":"publish","type":"product","link":"https:\/\/joyasnehgne.cl\/wp3\/product\/collar-de-plata-cccp203\/","title":{"rendered":"COLLAR DE PLATA CCCP203"},"content":{"rendered":"<p>Collar de plata 950 y Hematita natural con colgante de corazon<\/p>\n<p>Hechas a mano por orfebres Chilenos<\/p>\n<p>Largo colla 43 CM<\/p>\n<p>Tama\u00f1o Coraz\u00f3n 35MM<\/p>\n<p>Env\u00edos a todo chile o nos puedes visitar en Providencia previa cita al +56992201582<\/p>\n","protected":false},"excerpt":{"rendered":"<p>Collar de plata 950 y Hematita natural con colgante de corazon Hechas a mano por orfebres Chilenos Largo colla 43 CM Tama\u00f1o Coraz\u00f3n 35MM Env\u00edos a todo chile o nos puedes visitar en Providencia previa cita al +56992201582<\/p>\n","protected":false},"featured_media":1518,"template":"","meta":{"pagelayer_contact_templates":[],"_pagelayer_content":""},"product_brand":[],"product_cat":[50,17],"product_tag":[],"class_list":{"0":"post-1517","1":"product","2":"type-product","3":"status-publish","4":"has-post-thumbnail","6":"product_cat-collaresdeplata","7":"product_cat-joyasdeplata","9":"first","10":"instock","11":"shipping-taxable","12":"purchasable","13":"product-type-simple"},"_links":{"self":[{"href":"https:\/\/joyasnehgne.cl\/wp3\/wp-json\/wp\/v2\/product\/1517","targetHints":{"allow":["GET"]}}],"collection":[{"href":"https:\/\/joyasnehgne.cl\/wp3\/wp-json\/wp\/v2\/product"}],"about":[{"href":"https:\/\/joyasnehgne.cl\/wp3\/wp-json\/wp\/v2\/types\/product"}],"wp:featuredmedia":[{"embeddable":true,"href":"https:\/\/joyasnehgne.cl\/wp3\/wp-json\/wp\/v2\/media\/1518"}],"wp:attachment":[{"href":"https:\/\/joyasnehgne.cl\/wp3\/wp-json\/wp\/v2\/media?parent=1517"}],"wp:term":[{"taxonomy":"product_brand","embeddable":true,"href":"https:\/\/joyasnehgne.cl\/wp3\/wp-json\/wp\/v2\/product_brand?post=1517"},{"taxonomy":"product_cat","embeddable":true,"href":"https:\/\/joyasnehgne.cl\/wp3\/wp-json\/wp\/v2\/product_cat?post=1517"},{"taxonomy":"product_tag","embeddable":true,"href":"https:\/\/joyasnehgne.cl\/wp3\/wp-json\/wp\/v2\/product_tag?post=1517"}],"curies":[{"name":"wp","href":"https:\/\/api.w.org\/{rel}","templated":true}]}}