{"id":1507,"date":"2025-10-22T22:45:03","date_gmt":"2025-10-22T22:45:03","guid":{"rendered":"https:\/\/joyasnehgne.cl\/wp3\/?post_type=product&#038;p=1507"},"modified":"2026-01-25T23:20:36","modified_gmt":"2026-01-25T23:20:36","slug":"aros-de-plata-arp212","status":"publish","type":"product","link":"https:\/\/joyasnehgne.cl\/wp3\/product\/aros-de-plata-arp212\/","title":{"rendered":"AROS DE PLATA ARP212"},"content":{"rendered":"<p>Hermosos aros de plata 950 con forma de corazon<\/p>\n<p>Hechos a manos por orfebres Chilenos<\/p>\n<p>Tama\u00f1o argollas 12MM de di\u00e1metro<\/p>\n<p>Tama\u00f1o coraz\u00f3n\u00a0 23 x 23 MM<\/p>\n<p>Enviamos a todo Chile o puedes visitarnos en nuestro Showroom ubicado en Providencia, previa cita al +56992201582<\/p>\n","protected":false},"excerpt":{"rendered":"<p>Hermosos aros de plata 950 con forma de corazon Hechos a manos por orfebres Chilenos Tama\u00f1o argollas 12MM de di\u00e1metro Tama\u00f1o coraz\u00f3n\u00a0 23 x 23 MM Enviamos a todo Chile o puedes visitarnos en nuestro Showroom ubicado en Providencia, previa cita al +56992201582<\/p>\n","protected":false},"featured_media":1508,"template":"","meta":{"pagelayer_contact_templates":[],"_pagelayer_content":""},"product_brand":[],"product_cat":[20,17],"product_tag":[],"class_list":{"0":"post-1507","1":"product","2":"type-product","3":"status-publish","4":"has-post-thumbnail","6":"product_cat-arosdeplata","7":"product_cat-joyasdeplata","9":"first","10":"instock","11":"shipping-taxable","12":"purchasable","13":"product-type-simple"},"_links":{"self":[{"href":"https:\/\/joyasnehgne.cl\/wp3\/wp-json\/wp\/v2\/product\/1507","targetHints":{"allow":["GET"]}}],"collection":[{"href":"https:\/\/joyasnehgne.cl\/wp3\/wp-json\/wp\/v2\/product"}],"about":[{"href":"https:\/\/joyasnehgne.cl\/wp3\/wp-json\/wp\/v2\/types\/product"}],"wp:featuredmedia":[{"embeddable":true,"href":"https:\/\/joyasnehgne.cl\/wp3\/wp-json\/wp\/v2\/media\/1508"}],"wp:attachment":[{"href":"https:\/\/joyasnehgne.cl\/wp3\/wp-json\/wp\/v2\/media?parent=1507"}],"wp:term":[{"taxonomy":"product_brand","embeddable":true,"href":"https:\/\/joyasnehgne.cl\/wp3\/wp-json\/wp\/v2\/product_brand?post=1507"},{"taxonomy":"product_cat","embeddable":true,"href":"https:\/\/joyasnehgne.cl\/wp3\/wp-json\/wp\/v2\/product_cat?post=1507"},{"taxonomy":"product_tag","embeddable":true,"href":"https:\/\/joyasnehgne.cl\/wp3\/wp-json\/wp\/v2\/product_tag?post=1507"}],"curies":[{"name":"wp","href":"https:\/\/api.w.org\/{rel}","templated":true}]}}