{"id":1502,"date":"2025-10-22T22:06:16","date_gmt":"2025-10-22T22:06:16","guid":{"rendered":"https:\/\/joyasnehgne.cl\/wp3\/?post_type=product&#038;p=1502"},"modified":"2026-01-25T23:21:02","modified_gmt":"2026-01-25T23:21:02","slug":"conjunto-plata-ppc005","status":"publish","type":"product","link":"https:\/\/joyasnehgne.cl\/wp3\/product\/conjunto-plata-ppc005\/","title":{"rendered":"CONJUNTO PLATA PPC005"},"content":{"rendered":"<p>Conjunto de plata 950 y Hematita Natural.<\/p>\n<p>Hecho a mano, por orfebres Chilenos<\/p>\n<p>Largo collar 43 CM<\/p>\n<p>Tama\u00f1o coraz\u00f3n colgante 35x35MM<\/p>\n<p>Tama\u00f1o argollas de aro 12 MM,<\/p>\n<p>Tama\u00f1o coraz\u00f3n de aro colgante 23x23MM.<\/p>\n<p>Valor incluye collar y aros<\/p>\n<p>Envios a todo Chile o puedes retirarla desde nuestras oficinas en Providencia, previa cita al +56992201582<\/p>\n<p>Sabias que la hematita te protege \u00a0de malas energ\u00edas:<\/p>\n<p>La hematita es una piedra altamente protectora, canaliza y bloquea las energ\u00edas negativas. C\u00f3mo sabr\u00e1s hay personas que intentan hacerte da\u00f1o, pero tienes que saber que esta no es la \u00fanica manera para que una energ\u00eda negativa te afecte.<\/p>\n<p>Si te juntas con personas con cargas negativas, estas vibraciones pueden afectar tu aura, es algo de lo que una hematita puede protegerte muy bien, ya que bloquea esto, para que solo las energ\u00edas positivas logren entrar a tu aura.<\/p>\n<ul>\n<li>\n<h3>Potencia tu autoconfianza:<\/h3>\n<\/li>\n<\/ul>\n<p>Otra de las grandes ventajas de portar una hematita programada, es que desarrolla tu autoestima y seguridad en ti mismo(a). Adem\u00e1s te ayuda a superar el miedo a hablar en p\u00fablico y te dota de cualidades de liderazgo.<\/p>\n<p>&nbsp;<\/p>\n","protected":false},"excerpt":{"rendered":"<p>Conjunto de plata 950 y Hematita Natural. Hecho a mano, por orfebres Chilenos Largo collar 43 CM Tama\u00f1o coraz\u00f3n colgante 35x35MM Tama\u00f1o argollas de aro 12 MM, Tama\u00f1o coraz\u00f3n de aro colgante 23x23MM. Valor incluye collar y aros Envios a todo Chile o puedes retirarla desde nuestras oficinas en Providencia, previa cita al +56992201582 Sabias [&hellip;]<\/p>\n","protected":false},"featured_media":1503,"template":"","meta":{"pagelayer_contact_templates":[],"_pagelayer_content":""},"product_brand":[],"product_cat":[38,20,50,35,32,17],"product_tag":[],"class_list":{"0":"post-1502","1":"product","2":"type-product","3":"status-publish","4":"has-post-thumbnail","6":"product_cat-arosdepiedra","7":"product_cat-arosdeplata","8":"product_cat-collaresdeplata","9":"product_cat-collaresdepiedra","10":"product_cat-joyasdepiedras","11":"product_cat-joyasdeplata","13":"first","14":"instock","15":"shipping-taxable","16":"purchasable","17":"product-type-simple"},"_links":{"self":[{"href":"https:\/\/joyasnehgne.cl\/wp3\/wp-json\/wp\/v2\/product\/1502","targetHints":{"allow":["GET"]}}],"collection":[{"href":"https:\/\/joyasnehgne.cl\/wp3\/wp-json\/wp\/v2\/product"}],"about":[{"href":"https:\/\/joyasnehgne.cl\/wp3\/wp-json\/wp\/v2\/types\/product"}],"wp:featuredmedia":[{"embeddable":true,"href":"https:\/\/joyasnehgne.cl\/wp3\/wp-json\/wp\/v2\/media\/1503"}],"wp:attachment":[{"href":"https:\/\/joyasnehgne.cl\/wp3\/wp-json\/wp\/v2\/media?parent=1502"}],"wp:term":[{"taxonomy":"product_brand","embeddable":true,"href":"https:\/\/joyasnehgne.cl\/wp3\/wp-json\/wp\/v2\/product_brand?post=1502"},{"taxonomy":"product_cat","embeddable":true,"href":"https:\/\/joyasnehgne.cl\/wp3\/wp-json\/wp\/v2\/product_cat?post=1502"},{"taxonomy":"product_tag","embeddable":true,"href":"https:\/\/joyasnehgne.cl\/wp3\/wp-json\/wp\/v2\/product_tag?post=1502"}],"curies":[{"name":"wp","href":"https:\/\/api.w.org\/{rel}","templated":true}]}}